{"id":658,"date":"2025-10-24T15:44:36","date_gmt":"2025-10-24T13:44:36","guid":{"rendered":"https:\/\/bitsof.it\/?page_id=658"},"modified":"2025-10-27T08:49:02","modified_gmt":"2025-10-27T07:49:02","slug":"about-me","status":"publish","type":"page","link":"https:\/\/bitsof.it\/pl\/about-me\/","title":{"rendered":"O mnie"},"content":{"rendered":"<div data-elementor-type=\"wp-page\" data-elementor-id=\"658\" class=\"elementor elementor-658\">\n\t\t\t\t<div class=\"elementor-element elementor-element-560d987 e-con-full e-flex e-con e-parent\" data-id=\"560d987\" data-element_type=\"container\" data-e-type=\"container\" data-settings=\"{&quot;background_background&quot;:&quot;classic&quot;}\">\n\t\t<div class=\"elementor-element elementor-element-7276408 e-con-full e-flex e-con e-child\" data-id=\"7276408\" data-element_type=\"container\" data-e-type=\"container\">\n\t\t\t\t<\/div>\n\t\t<div class=\"elementor-element elementor-element-83b259e e-con-full e-flex e-con e-child\" data-id=\"83b259e\" data-element_type=\"container\" data-e-type=\"container\">\n\t\t\t\t<div class=\"elementor-element elementor-element-570c270 elementor-widget elementor-widget-heading\" data-id=\"570c270\" data-element_type=\"widget\" data-e-type=\"widget\" data-widget_type=\"heading.default\">\n\t\t\t\t\t<h1 class=\"elementor-heading-title elementor-size-default\">JAN WYSOCKI<\/h1>\t\t\t\t<\/div>\n\t\t\t\t<\/div>\n\t\t<div class=\"elementor-element elementor-element-0955bcd e-con-full e-flex e-con e-child\" data-id=\"0955bcd\" data-element_type=\"container\" data-e-type=\"container\">\n\t\t\t\t<div class=\"elementor-element elementor-element-6662d2a elementor-hidden-tablet elementor-hidden-mobile elementor-widget elementor-widget-image\" data-id=\"6662d2a\" data-element_type=\"widget\" data-e-type=\"widget\" data-widget_type=\"image.default\">\n\t\t\t\t\t\t\t\t\t\t\t\t\t\t\t<img decoding=\"async\" width=\"150\" height=\"150\" src=\"https:\/\/bitsof.it\/wp-content\/uploads\/2025\/10\/Portret-na-strone-150x150.webp\" class=\"attachment-thumbnail size-thumbnail wp-image-393\" alt=\"\" \/>\t\t\t\t\t\t\t\t\t\t\t\t\t\t\t<\/div>\n\t\t\t\t<div class=\"elementor-element elementor-element-94fec64 e-grid-align-right elementor-shape-rounded elementor-grid-0 elementor-widget elementor-widget-social-icons\" data-id=\"94fec64\" data-element_type=\"widget\" data-e-type=\"widget\" data-widget_type=\"social-icons.default\">\n\t\t\t\t\t\t\t<div class=\"elementor-social-icons-wrapper elementor-grid\" role=\"list\">\n\t\t\t\t\t\t\t<span class=\"elementor-grid-item\" role=\"listitem\">\n\t\t\t\t\t<a class=\"elementor-icon elementor-social-icon elementor-social-icon-linkedin elementor-animation-shrink elementor-repeater-item-2ab8592\" href=\"https:\/\/www.linkedin.com\/in\/janwysocki\/\" target=\"_blank\">\n\t\t\t\t\t\t<span class=\"elementor-screen-only\">Linkedin<\/span>\n\t\t\t\t\t\t<svg aria-hidden=\"true\" class=\"e-font-icon-svg e-fab-linkedin\" viewbox=\"0 0 448 512\" xmlns=\"http:\/\/www.w3.org\/2000\/svg\"><path d=\"M416 32H31.9C14.3 32 0 46.5 0 64.3v383.4C0 465.5 14.3 480 31.9 480H416c17.6 0 32-14.5 32-32.3V64.3c0-17.8-14.4-32.3-32-32.3zM135.4 416H69V202.2h66.5V416zm-33.2-243c-21.3 0-38.5-17.3-38.5-38.5S80.9 96 102.2 96c21.2 0 38.5 17.3 38.5 38.5 0 21.3-17.2 38.5-38.5 38.5zm282.1 243h-66.4V312c0-24.8-.5-56.7-34.5-56.7-34.6 0-39.9 27-39.9 54.9V416h-66.4V202.2h63.7v29.2h.9c8.9-16.8 30.6-34.5 62.9-34.5 67.2 0 79.7 44.3 79.7 101.9V416z\"><\/path><\/svg>\t\t\t\t\t<\/a>\n\t\t\t\t<\/span>\n\t\t\t\t\t\t\t<span class=\"elementor-grid-item\" role=\"listitem\">\n\t\t\t\t\t<a class=\"elementor-icon elementor-social-icon elementor-social-icon-instagram elementor-animation-shrink elementor-repeater-item-73835a0\" href=\"https:\/\/www.instagram.com\/jasiuwy\/\" target=\"_blank\">\n\t\t\t\t\t\t<span class=\"elementor-screen-only\">Instagram<\/span>\n\t\t\t\t\t\t<svg aria-hidden=\"true\" class=\"e-font-icon-svg e-fab-instagram\" viewbox=\"0 0 448 512\" xmlns=\"http:\/\/www.w3.org\/2000\/svg\"><path d=\"M224.1 141c-63.6 0-114.9 51.3-114.9 114.9s51.3 114.9 114.9 114.9S339 319.5 339 255.9 287.7 141 224.1 141zm0 189.6c-41.1 0-74.7-33.5-74.7-74.7s33.5-74.7 74.7-74.7 74.7 33.5 74.7 74.7-33.6 74.7-74.7 74.7zm146.4-194.3c0 14.9-12 26.8-26.8 26.8-14.9 0-26.8-12-26.8-26.8s12-26.8 26.8-26.8 26.8 12 26.8 26.8zm76.1 27.2c-1.7-35.9-9.9-67.7-36.2-93.9-26.2-26.2-58-34.4-93.9-36.2-37-2.1-147.9-2.1-184.9 0-35.8 1.7-67.6 9.9-93.9 36.1s-34.4 58-36.2 93.9c-2.1 37-2.1 147.9 0 184.9 1.7 35.9 9.9 67.7 36.2 93.9s58 34.4 93.9 36.2c37 2.1 147.9 2.1 184.9 0 35.9-1.7 67.7-9.9 93.9-36.2 26.2-26.2 34.4-58 36.2-93.9 2.1-37 2.1-147.8 0-184.8zM398.8 388c-7.8 19.6-22.9 34.7-42.6 42.6-29.5 11.7-99.5 9-132.1 9s-102.7 2.6-132.1-9c-19.6-7.8-34.7-22.9-42.6-42.6-11.7-29.5-9-99.5-9-132.1s-2.6-102.7 9-132.1c7.8-19.6 22.9-34.7 42.6-42.6 29.5-11.7 99.5-9 132.1-9s102.7-2.6 132.1 9c19.6 7.8 34.7 22.9 42.6 42.6 11.7 29.5 9 99.5 9 132.1s2.7 102.7-9 132.1z\"><\/path><\/svg>\t\t\t\t\t<\/a>\n\t\t\t\t<\/span>\n\t\t\t\t\t<\/div>\n\t\t\t\t\t\t<\/div>\n\t\t\t\t<\/div>\n\t\t<div class=\"elementor-element elementor-element-f5dc57e e-con-full e-flex e-con e-child\" data-id=\"f5dc57e\" data-element_type=\"container\" data-e-type=\"container\">\n\t\t\t\t<\/div>\n\t\t\t\t<\/div>\n\t\t<div class=\"elementor-element elementor-element-fa6049c e-con-full e-flex elementor-invisible e-con e-parent\" data-id=\"fa6049c\" data-element_type=\"container\" data-e-type=\"container\" data-settings=\"{&quot;background_background&quot;:&quot;classic&quot;,&quot;animation&quot;:&quot;fadeIn&quot;}\">\n\t\t<div class=\"elementor-element elementor-element-c6922cf e-con-full e-flex e-con e-child\" data-id=\"c6922cf\" data-element_type=\"container\" data-e-type=\"container\">\n\t\t\t\t<\/div>\n\t\t<div class=\"elementor-element elementor-element-036e227 e-con-full e-flex e-con e-child\" data-id=\"036e227\" data-element_type=\"container\" data-e-type=\"container\">\n\t\t\t\t<div class=\"elementor-element elementor-element-0cdb759 elementor-widget elementor-widget-text-editor\" data-id=\"0cdb759\" data-element_type=\"widget\" data-e-type=\"widget\" data-widget_type=\"text-editor.default\">\n\t\t\t\t\t\t\t\t\t<h2 class=\"wp-block-heading\">Ekspert w dziedzinie IT<\/h2>\n<p>Ca\u0142\u0105 swoj\u0105 profesjonaln\u0105 karier\u0119 sp\u0119dzi\u0142em w bran\u017cy IT.  Zaczynaj\u0105c jako pasjonat programowania, gdzie\u015b we wczesnych latach podstaw\u00f3wki, poprzez prac\u0119 jako profesjonalny programista, p\u00f3\u017aniej architekt, ko\u0144cz\u0105c na projektowaniu i zarz\u0105dzaniu ca\u0142ymi transformacjami technologicznymi w du\u017cych firmach, w tym wdro\u017cenie chmury i transformacja DevSecOps. Technologia nie przestaje mnie fascynowa\u0107, ale od zawsze najbardziej interesowa\u0142y mnie jej praktyczne zastosowania. Niestety bardzo cz\u0119sto technologiczne nowinki nie przek\u0142adaj\u0105 si\u0119 na generowanie prawdziwej warto\u015bci dla firm czy os\u00f3b indywidulnych. Lubi\u0119 szuka\u0107 strategii i narz\u0119dzi, kt\u00f3re przynosz\u0105 konkretne korzy\u015bci. Lubi\u0119 tak\u017ce t\u0142umaczy\u0107 potencja\u0142 rozmaitych technologii dla os\u00f3b bez do\u015bwiadczenia technicznego. Mi\u0119dzy innymi dlatego napisa\u0142em ksi\u0105\u017ck\u0119\u00a0<a href=\"https:\/\/bitsof.it\/pl\/book\/\" data-type=\"page\" data-id=\"10\">\u201cBits of IT\u201d,<\/a>\u00a0kt\u00f3ra w\u0142a\u015bnie o tym traktuje.<\/p>\t\t\t\t\t\t\t\t<\/div>\n\t\t\t\t<\/div>\n\t\t<div class=\"elementor-element elementor-element-a1a9735 e-con-full e-flex e-con e-child\" data-id=\"a1a9735\" data-element_type=\"container\" data-e-type=\"container\">\n\t\t\t\t<\/div>\n\t\t\t\t<\/div>\n\t\t<div class=\"elementor-element elementor-element-4c51f9e e-con-full e-flex elementor-invisible e-con e-parent\" data-id=\"4c51f9e\" data-element_type=\"container\" data-e-type=\"container\" data-settings=\"{&quot;background_background&quot;:&quot;classic&quot;,&quot;animation&quot;:&quot;fadeIn&quot;,&quot;animation_delay&quot;:300}\">\n\t\t<div class=\"elementor-element elementor-element-9e9dae9 e-con-full e-flex e-con e-child\" data-id=\"9e9dae9\" data-element_type=\"container\" data-e-type=\"container\">\n\t\t\t\t<\/div>\n\t\t<div class=\"elementor-element elementor-element-c6be342 e-con-full e-flex e-con e-child\" data-id=\"c6be342\" data-element_type=\"container\" data-e-type=\"container\">\n\t\t\t\t<div class=\"elementor-element elementor-element-60dace7 elementor-widget elementor-widget-text-editor\" data-id=\"60dace7\" data-element_type=\"widget\" data-e-type=\"widget\" data-widget_type=\"text-editor.default\">\n\t\t\t\t\t\t\t\t\t<h2 class=\"wp-block-heading\">Do\u015bwiadczony mened\u017cer<\/h2>\n<p>\u00a0<\/p>\n<p>Poczynaj\u0105c od kierowania kilkuosobowym zespo\u0142em student\u00f3w, zaczynaj\u0105cych profesjonaln\u0105 karier\u0119 po zarz\u0105dzenie ponad stuosobowym departamentem najlepszych ekspert\u00f3w dziedzinowych, obowi\u0105zki menad\u017cerskie zawsze stanowi\u0142y du\u017c\u0105 cz\u0119\u015b\u0107 mojej pracy. Nie mniej, to co uwielbiam w pozycji lidera, to praca z lud\u017ami, uwalnianie ich pe\u0142nego potencja\u0142u i wspieranie ich rozwoju. Jestem typem lidera, kt\u00f3ry g\u0142\u0119boko wierzy, \u017ce najlepszym mo\u017cliwym sposobem zarz\u0105dzania zespo\u0142em jest ws\u0142uchiwanie si\u0119 w jego g\u0142os i usuwanie staj\u0105cych na drodze przeszk\u00f3d.<\/p>\t\t\t\t\t\t\t\t<\/div>\n\t\t\t\t<\/div>\n\t\t<div class=\"elementor-element elementor-element-ebb05e9 e-con-full e-flex e-con e-child\" data-id=\"ebb05e9\" data-element_type=\"container\" data-e-type=\"container\">\n\t\t\t\t<\/div>\n\t\t\t\t<\/div>\n\t\t<div class=\"elementor-element elementor-element-5463a38 e-con-full e-flex elementor-invisible e-con e-parent\" data-id=\"5463a38\" data-element_type=\"container\" data-e-type=\"container\" data-settings=\"{&quot;background_background&quot;:&quot;classic&quot;,&quot;animation&quot;:&quot;fadeIn&quot;,&quot;animation_delay&quot;:600}\">\n\t\t<div class=\"elementor-element elementor-element-ac32440 e-con-full e-flex e-con e-child\" data-id=\"ac32440\" data-element_type=\"container\" data-e-type=\"container\">\n\t\t\t\t<\/div>\n\t\t<div class=\"elementor-element elementor-element-30e8cb9 e-con-full e-flex e-con e-child\" data-id=\"30e8cb9\" data-element_type=\"container\" data-e-type=\"container\">\n\t\t\t\t<div class=\"elementor-element elementor-element-ee6b74e elementor-widget elementor-widget-text-editor\" data-id=\"ee6b74e\" data-element_type=\"widget\" data-e-type=\"widget\" data-widget_type=\"text-editor.default\">\n\t\t\t\t\t\t\t\t\t<h2 class=\"wp-block-heading\">Ratownik<\/h2><p>Jestem Ratownikiem\u00a0<a href=\"http:\/\/www.gopr.pl\/\" data-type=\"link\" data-id=\"www.gopr.pl\">G\u00f3rskiego Ochotniczego Pogotowia Ratunkowego<\/a>\u00a0i Prezesem\u00a0<a href=\"http:\/\/fundacja.gopr.pl\/\" data-type=\"link\" data-id=\"fundacja.gopr.pl\">Fundacji GOPR<\/a>, Organizacji Po\u017cytku Publicznego (KRS:0000607021) wspieraj\u0105cej zar\u00f3wno dzia\u0142alno\u015b\u0107 tego Pogotowia jak i jego cz\u0142onk\u00f3w, kt\u00f3rzy znale\u017ali si\u0119 w trudnej sytuacji. Obie te funkcje pe\u0142ni\u0119 w ramach wolontariatu. Obie te aktywno\u015bci s\u0105 dla mnie wielkim powodem do dumy, ale tak\u017ce wielkiej satysfakcji. Uwielbiam pomaga\u0107 innym, a do\u015bwiadczenia g\u00f3rskie wykorzystuj\u0119 tak\u017ce p\u00f3\u017aniej na nizinach. Wierz\u0119, w istnienie \u201edobrej Karmy\u201d, kt\u00f3ra zawsze powraca. Uwa\u017cam tak\u017ce, \u017ce wolontariat jest ci\u0105gle niedoszacowanym \u015brodkiem do budowania samo\u015bwiadomo\u015bci i spe\u0142nienia.<\/p>\t\t\t\t\t\t\t\t<\/div>\n\t\t\t\t<\/div>\n\t\t<div class=\"elementor-element elementor-element-db3d580 e-con-full e-flex e-con e-child\" data-id=\"db3d580\" data-element_type=\"container\" data-e-type=\"container\">\n\t\t\t\t<\/div>\n\t\t\t\t<\/div>\n\t\t<div class=\"elementor-element elementor-element-9f67525 e-con-full e-flex elementor-invisible e-con e-parent\" data-id=\"9f67525\" data-element_type=\"container\" data-e-type=\"container\" data-settings=\"{&quot;background_background&quot;:&quot;classic&quot;,&quot;animation&quot;:&quot;fadeIn&quot;,&quot;animation_delay&quot;:900}\">\n\t\t<div class=\"elementor-element elementor-element-54da183 e-con-full e-flex e-con e-child\" data-id=\"54da183\" data-element_type=\"container\" data-e-type=\"container\">\n\t\t\t\t<\/div>\n\t\t<div class=\"elementor-element elementor-element-799e956 e-con-full e-flex e-con e-child\" data-id=\"799e956\" data-element_type=\"container\" data-e-type=\"container\">\n\t\t\t\t<div class=\"elementor-element elementor-element-8112435 elementor-widget elementor-widget-text-editor\" data-id=\"8112435\" data-element_type=\"widget\" data-e-type=\"widget\" data-widget_type=\"text-editor.default\">\n\t\t\t\t\t\t\t\t\t<h2 class=\"wp-block-heading\">Autor, m\u00f3wca, mentor<\/h2>\n<p>\u00a0<\/p>\n<p>Lubi\u0119 wywiera\u0107 pozytywny wp\u0142yw na \u017cycie ludzi. Inspirowa\u0107 ich do dzia\u0142ania, pomaga\u0107 im uwierzy\u0107 w siebie, ale te\u017c obala\u0107 mity i ograniczenia, kt\u00f3re powstrzymuj\u0105 ich rozw\u00f3j. Staram si\u0119 realizowa\u0107 to na wiele sposob\u00f3w: pisz\u0105c, przemawiaj\u0105c, ale przede wszystkim s\u0142uchaj\u0105c. M\u00f3g\u0142bym si\u0119 chyba nazwa\u0107 profesjonalnym s\u0142uchaczem, cho\u0107 zdaj\u0119 sobie spraw\u0119, \u017ce to okre\u015blenie by\u0142oby mocnym sp\u0142yceniem tematu. Jakkolwiek ksi\u0105\u017ck\u0105 czy viralowym wyst\u0105pieniem mo\u017cna dotrze\u0107 do tysi\u0119cy czy nawet milion\u00f3w ludzi, to czas sp\u0119dzony 1:1 z konkretnym cz\u0142owiekiem, na aktywnym, szczerym s\u0142uchaniu sprawia mi najwi\u0119ksz\u0105 satysfakcj\u0119 i pozwala by\u0107 \u015bwiadkiem, czasem niewielkiej zmiany \u015bwiata na lepsze.<\/p>\t\t\t\t\t\t\t\t<\/div>\n\t\t\t\t<\/div>\n\t\t<div class=\"elementor-element elementor-element-85be96f e-con-full e-flex e-con e-child\" data-id=\"85be96f\" data-element_type=\"container\" data-e-type=\"container\">\n\t\t\t\t<\/div>\n\t\t\t\t<\/div>\n\t\t<div class=\"elementor-element elementor-element-198f54d e-con-full e-flex elementor-invisible e-con e-parent\" data-id=\"198f54d\" data-element_type=\"container\" data-e-type=\"container\" data-settings=\"{&quot;background_background&quot;:&quot;classic&quot;,&quot;animation&quot;:&quot;fadeIn&quot;,&quot;animation_delay&quot;:1200}\">\n\t\t<div class=\"elementor-element elementor-element-d20234a e-con-full e-flex e-con e-child\" data-id=\"d20234a\" data-element_type=\"container\" data-e-type=\"container\">\n\t\t\t\t<\/div>\n\t\t<div class=\"elementor-element elementor-element-2fb199c e-con-full e-flex e-con e-child\" data-id=\"2fb199c\" data-element_type=\"container\" data-e-type=\"container\">\n\t\t\t\t<div class=\"elementor-element elementor-element-86c39cf elementor-widget elementor-widget-text-editor\" data-id=\"86c39cf\" data-element_type=\"widget\" data-e-type=\"widget\" data-widget_type=\"text-editor.default\">\n\t\t\t\t\t\t\t\t\t<h2 class=\"wp-block-heading\">Poza tym...<\/h2>\n<p>\u00a0<\/p>\n<p>Lubi\u0119 gra\u0107 na gitarze czy pianinie, \u015bpiewa\u0107, malowa\u0107 obrazy, pracowa\u0107 w drewnie czy grzeba\u0107 w starych samochodach i czasem podr\u00f3\u017cowa\u0107. I ci\u0105gle mie\u0107 czas na to wszystko. Brak czasu jest jednym z najcz\u0119\u015bciej powtarzanych k\u0142amstw, a wypalenie zawodowe, czy po prostu przepracowanie coraz cz\u0119stszym powodem chor\u00f3b. Zbyt cz\u0119sto widz\u0119, jak ludzie odk\u0142adaj\u0105 \u017cycie na p\u00f3\u017aniej, a moje ratownicze do\u015bwiadczenia r\u00f3wnie cz\u0119sto u\u015bwiadamiaj\u0105, \u017ce to p\u00f3\u017aniej mo\u017ce czasem w og\u00f3le nie nadej\u015b\u0107. Staram si\u0119 cieszy\u0107 \u017cyciem, tu i teraz, a tak\u017ce zach\u0119ca\u0107 do tego innych.<\/p>\t\t\t\t\t\t\t\t<\/div>\n\t\t\t\t<\/div>\n\t\t<div class=\"elementor-element elementor-element-f50518b e-con-full e-flex e-con e-child\" data-id=\"f50518b\" data-element_type=\"container\" data-e-type=\"container\">\n\t\t\t\t<\/div>\n\t\t\t\t<\/div>\n\t\t<div class=\"elementor-element elementor-element-13a9520 e-flex e-con-boxed e-con e-parent\" data-id=\"13a9520\" data-element_type=\"container\" data-e-type=\"container\">\n\t\t\t\t\t<div class=\"e-con-inner\">\n\t\t\t\t\t<\/div>\n\t\t\t\t<\/div>\n\t\t\t\t<\/div>","protected":false},"excerpt":{"rendered":"<p>JAN WYSOCKI Linkedin Instagram IT Expert I have spent my entire professional career in the IT industry.\u00a0 Starting as an amateur programmer, somewhere in the early years of elementary school, through working as a professional software engineer, then architect, ending with designing and managing entire technology transformations in large companies, including Cloud implementation and DevSecOps [&hellip;]<\/p>\n","protected":false},"author":1,"featured_media":0,"parent":0,"menu_order":0,"comment_status":"closed","ping_status":"closed","template":"elementor_header_footer","meta":{"footnotes":""},"class_list":["post-658","page","type-page","status-publish","hentry"],"_links":{"self":[{"href":"https:\/\/bitsof.it\/pl\/wp-json\/wp\/v2\/pages\/658","targetHints":{"allow":["GET"]}}],"collection":[{"href":"https:\/\/bitsof.it\/pl\/wp-json\/wp\/v2\/pages"}],"about":[{"href":"https:\/\/bitsof.it\/pl\/wp-json\/wp\/v2\/types\/page"}],"author":[{"embeddable":true,"href":"https:\/\/bitsof.it\/pl\/wp-json\/wp\/v2\/users\/1"}],"replies":[{"embeddable":true,"href":"https:\/\/bitsof.it\/pl\/wp-json\/wp\/v2\/comments?post=658"}],"version-history":[{"count":4,"href":"https:\/\/bitsof.it\/pl\/wp-json\/wp\/v2\/pages\/658\/revisions"}],"predecessor-version":[{"id":677,"href":"https:\/\/bitsof.it\/pl\/wp-json\/wp\/v2\/pages\/658\/revisions\/677"}],"wp:attachment":[{"href":"https:\/\/bitsof.it\/pl\/wp-json\/wp\/v2\/media?parent=658"}],"curies":[{"name":"wp","href":"https:\/\/api.w.org\/{rel}","templated":true}]}}