{"id":462,"date":"2025-10-21T13:00:32","date_gmt":"2025-10-21T11:00:32","guid":{"rendered":"https:\/\/bitsof.it\/?page_id=462"},"modified":"2026-04-08T09:22:28","modified_gmt":"2026-04-08T07:22:28","slug":"start","status":"publish","type":"page","link":"https:\/\/bitsof.it\/pl\/","title":{"rendered":"Start"},"content":{"rendered":"<div data-elementor-type=\"wp-post\" data-elementor-id=\"462\" class=\"elementor elementor-462\">\n\t\t\t\t<div class=\"elementor-element elementor-element-d8330e9 e-con-full e-transform elementor-hidden-tablet elementor-hidden-mobile e-flex e-con e-parent\" data-id=\"d8330e9\" data-element_type=\"container\" data-e-type=\"container\" data-settings=\"{&quot;_transform_scale_effect&quot;:{&quot;unit&quot;:&quot;px&quot;,&quot;size&quot;:&quot;&quot;,&quot;sizes&quot;:[]},&quot;_transform_scale_effect_tablet&quot;:{&quot;unit&quot;:&quot;px&quot;,&quot;size&quot;:&quot;&quot;,&quot;sizes&quot;:[]},&quot;_transform_scale_effect_mobile&quot;:{&quot;unit&quot;:&quot;px&quot;,&quot;size&quot;:&quot;&quot;,&quot;sizes&quot;:[]}}\">\n\t\t\t\t<\/div>\n\t\t<div class=\"elementor-element elementor-element-feb28f0 animated-slow e-flex e-con-boxed elementor-invisible e-con e-parent\" data-id=\"feb28f0\" data-element_type=\"container\" data-e-type=\"container\" data-settings=\"{&quot;background_background&quot;:&quot;classic&quot;,&quot;animation&quot;:&quot;fadeIn&quot;}\">\n\t\t\t\t\t<div class=\"e-con-inner\">\n\t\t<div class=\"elementor-element elementor-element-c612621 e-con-full e-flex e-con e-child\" data-id=\"c612621\" data-element_type=\"container\" data-e-type=\"container\" data-settings=\"{&quot;background_background&quot;:&quot;classic&quot;}\">\n\t\t<div class=\"elementor-element elementor-element-0966d75 e-con-full e-flex e-con e-child\" data-id=\"0966d75\" data-element_type=\"container\" data-e-type=\"container\">\n\t\t\t\t<div class=\"elementor-element elementor-element-390b6c2 elementor-drop-cap-yes elementor-widget__width-inherit elementor-drop-cap-view-default elementor-widget elementor-widget-text-editor\" data-id=\"390b6c2\" data-element_type=\"widget\" data-e-type=\"widget\" data-settings=\"{&quot;drop_cap&quot;:&quot;yes&quot;}\" data-widget_type=\"text-editor.default\">\n\t\t\t\t\t\t\t\t\t<p>Wspieram lider\u00f3w bez wykszta\u0142cenia technicznego w podejmowaniu m\u0105drych decyzji dotycz\u0105cych technologii, kieruj\u0105c si\u0119 zdrowym rozs\u0105dkiem i unikaj\u0105c \u017cargonu. Udzielam r\u00f3wnie\u017c porad in\u017cynierom, kt\u00f3rzy chc\u0105 mie\u0107 wi\u0119kszy wp\u0142yw na organizacj\u0119.<br \/>Wszystko po to, by tworzy\u0107 pomost mi\u0119dzy biznesem a technologi\u0105.<\/p>\t\t\t\t\t\t\t\t<\/div>\n\t\t\t\t<div class=\"elementor-element elementor-element-664b355 elementor-widget elementor-widget-heading\" data-id=\"664b355\" data-element_type=\"widget\" data-e-type=\"widget\" data-widget_type=\"heading.default\">\n\t\t\t\t\t<h2 class=\"elementor-heading-title elementor-size-default\">JAN WYSOCKI<\/h2>\t\t\t\t<\/div>\n\t\t\t\t<div class=\"elementor-element elementor-element-2cfb208 animated-slow elementor-invisible elementor-widget elementor-widget-image\" data-id=\"2cfb208\" data-element_type=\"widget\" data-e-type=\"widget\" data-settings=\"{&quot;_animation&quot;:&quot;fadeIn&quot;,&quot;_animation_delay&quot;:1000}\" data-widget_type=\"image.default\">\n\t\t\t\t\t\t\t\t\t\t\t\t\t\t\t<img decoding=\"async\" width=\"150\" height=\"150\" src=\"https:\/\/bitsof.it\/wp-content\/uploads\/2025\/10\/Podpis-Jan-150x150.webp\" class=\"attachment-thumbnail size-thumbnail wp-image-401\" alt=\"\" srcset=\"https:\/\/bitsof.it\/wp-content\/uploads\/2025\/10\/Podpis-Jan-150x150.webp 150w, https:\/\/bitsof.it\/wp-content\/uploads\/2025\/10\/Podpis-Jan-12x12.webp 12w\" sizes=\"(max-width: 150px) 100vw, 150px\" \/>\t\t\t\t\t\t\t\t\t\t\t\t\t\t\t<\/div>\n\t\t\t\t<\/div>\n\t\t<div class=\"elementor-element elementor-element-a75caa4 e-con-full e-flex e-con e-child\" data-id=\"a75caa4\" data-element_type=\"container\" data-e-type=\"container\">\n\t\t\t\t<div class=\"elementor-element elementor-element-485bbbe elementor-widget elementor-widget-image\" data-id=\"485bbbe\" data-element_type=\"widget\" data-e-type=\"widget\" data-widget_type=\"image.default\">\n\t\t\t\t\t\t\t\t\t\t\t\t<figure class=\"wp-caption\">\n\t\t\t\t\t\t\t\t\t\t<img fetchpriority=\"high\" decoding=\"async\" width=\"800\" height=\"620\" src=\"https:\/\/bitsof.it\/wp-content\/uploads\/2025\/10\/Portret-na-strone-1024x793.webp\" class=\"attachment-large size-large wp-image-393\" alt=\"\" srcset=\"https:\/\/bitsof.it\/wp-content\/uploads\/2025\/10\/Portret-na-strone-1024x793.webp 1024w, https:\/\/bitsof.it\/wp-content\/uploads\/2025\/10\/Portret-na-strone-300x232.webp 300w, https:\/\/bitsof.it\/wp-content\/uploads\/2025\/10\/Portret-na-strone-768x595.webp 768w, https:\/\/bitsof.it\/wp-content\/uploads\/2025\/10\/Portret-na-strone-1536x1189.webp 1536w, https:\/\/bitsof.it\/wp-content\/uploads\/2025\/10\/Portret-na-strone-16x12.webp 16w, https:\/\/bitsof.it\/wp-content\/uploads\/2025\/10\/Portret-na-strone.webp 1567w\" sizes=\"(max-width: 800px) 100vw, 800px\" \/>\t\t\t\t\t\t\t\t\t\t\t<figcaption class=\"widget-image-caption wp-caption-text\"><\/figcaption>\n\t\t\t\t\t\t\t\t\t\t<\/figure>\n\t\t\t\t\t\t\t\t\t<\/div>\n\t\t\t\t<\/div>\n\t\t\t\t<\/div>\n\t\t<div class=\"elementor-element elementor-element-7f3853f e-con-full e-flex e-con e-child\" data-id=\"7f3853f\" data-element_type=\"container\" data-e-type=\"container\" data-settings=\"{&quot;background_background&quot;:&quot;classic&quot;}\">\n\t\t\t\t<\/div>\n\t\t\t\t\t<\/div>\n\t\t\t\t<\/div>\n\t\t<div class=\"elementor-element elementor-element-4dd1d65 e-con-full e-flex e-con e-parent\" data-id=\"4dd1d65\" data-element_type=\"container\" data-e-type=\"container\" data-settings=\"{&quot;background_background&quot;:&quot;classic&quot;}\">\n\t\t<div class=\"elementor-element elementor-element-84b484c e-con-full elementor-hidden-tablet elementor-hidden-mobile e-flex e-con e-child\" data-id=\"84b484c\" data-element_type=\"container\" data-e-type=\"container\" data-settings=\"{&quot;background_background&quot;:&quot;classic&quot;}\">\n\t\t\t\t<\/div>\n\t\t<div class=\"elementor-element elementor-element-b282310 e-con-full e-flex e-con e-child\" data-id=\"b282310\" data-element_type=\"container\" data-e-type=\"container\">\n\t\t<div class=\"elementor-element elementor-element-844cbd5 e-con-full e-flex e-con e-child\" data-id=\"844cbd5\" data-element_type=\"container\" data-e-type=\"container\">\n\t\t\t\t<div class=\"elementor-element elementor-element-774a3b1 elementor-widget__width-inherit elementor-widget elementor-widget-text-editor\" data-id=\"774a3b1\" data-element_type=\"widget\" data-e-type=\"widget\" data-widget_type=\"text-editor.default\">\n\t\t\t\t\t\t\t\t\t<h4>Jak mog\u0119 pom\u00f3c?<\/h4>\t\t\t\t\t\t\t\t<\/div>\n\t\t\t\t<div class=\"elementor-element elementor-element-4c96e77 elementor-widget elementor-widget-button\" data-id=\"4c96e77\" data-element_type=\"widget\" data-e-type=\"widget\" data-widget_type=\"button.default\">\n\t\t\t\t\t\t\t\t\t\t<a class=\"elementor-button elementor-button-link elementor-size-sm\" href=\"https:\/\/bitsof.it\/pl\/discoverycall\/\" https=\"\">\n\t\t\t\t\t\t<span class=\"elementor-button-content-wrapper\">\n\t\t\t\t\t\t\t\t\t<span class=\"elementor-button-text\">Zarezerwuj Discovery Call<\/span>\n\t\t\t\t\t<\/span>\n\t\t\t\t\t<\/a>\n\t\t\t\t\t\t\t\t<\/div>\n\t\t\t\t<\/div>\n\t\t\t\t<\/div>\n\t\t\t\t<\/div>\n\t\t<div class=\"elementor-element elementor-element-9705648 animated-slow e-flex e-con-boxed elementor-invisible e-con e-parent\" data-id=\"9705648\" data-element_type=\"container\" data-e-type=\"container\" data-settings=\"{&quot;background_background&quot;:&quot;classic&quot;,&quot;animation&quot;:&quot;slideInUp&quot;,&quot;animation_delay&quot;:0}\">\n\t\t\t\t\t<div class=\"e-con-inner\">\n\t\t<div class=\"elementor-element elementor-element-25da7cb e-con-full e-flex e-con e-child\" data-id=\"25da7cb\" data-element_type=\"container\" data-e-type=\"container\" data-settings=\"{&quot;background_background&quot;:&quot;classic&quot;}\">\n\t\t\t\t<\/div>\n\t\t<div class=\"elementor-element elementor-element-55c757c e-con-full e-flex e-con e-child\" data-id=\"55c757c\" data-element_type=\"container\" data-e-type=\"container\" data-settings=\"{&quot;background_background&quot;:&quot;classic&quot;}\">\n\t\t<div class=\"elementor-element elementor-element-674c1e2 e-con-full e-flex e-con e-child\" data-id=\"674c1e2\" data-element_type=\"container\" data-e-type=\"container\">\n\t\t\t\t<div class=\"elementor-element elementor-element-95e3074 elementor-widget elementor-widget-image\" data-id=\"95e3074\" data-element_type=\"widget\" data-e-type=\"widget\" data-widget_type=\"image.default\">\n\t\t\t\t\t\t\t\t\t\t\t\t\t\t\t<img decoding=\"async\" width=\"264\" height=\"300\" src=\"https:\/\/bitsof.it\/wp-content\/uploads\/2025\/07\/BITS-OF-IT_transparent-264x300.webp\" class=\"attachment-medium size-medium wp-image-136\" alt=\"\" srcset=\"https:\/\/bitsof.it\/wp-content\/uploads\/2025\/07\/BITS-OF-IT_transparent-264x300.webp 264w, https:\/\/bitsof.it\/wp-content\/uploads\/2025\/07\/BITS-OF-IT_transparent-768x872.webp 768w, https:\/\/bitsof.it\/wp-content\/uploads\/2025\/07\/BITS-OF-IT_transparent.webp 894w\" sizes=\"(max-width: 264px) 100vw, 264px\" \/>\t\t\t\t\t\t\t\t\t\t\t\t\t\t\t<\/div>\n\t\t\t\t<div class=\"elementor-element elementor-element-fdac279 elementor-drop-cap-yes elementor-drop-cap-view-framed elementor-widget__width-inherit elementor-invisible elementor-widget elementor-widget-text-editor\" data-id=\"fdac279\" data-element_type=\"widget\" data-e-type=\"widget\" data-settings=\"{&quot;drop_cap&quot;:&quot;yes&quot;,&quot;_animation&quot;:&quot;fadeIn&quot;}\" data-widget_type=\"text-editor.default\">\n\t\t\t\t\t\t\t\t\t<p><strong>&nbsp;<\/strong><\/p>\n<p><strong>T\u0142umaczymy technologi\u0119<\/strong><\/p>\n<p>&nbsp;Wierzymy, \u017ce \u015bwietne rozwi\u0105zania wynikaj\u0105 ze \u015bwietnej wsp\u00f3\u0142pracy \u2014 a ta zaczyna si\u0119 od zrozumienia. W BITS OF IT pomagamy liderom bez wykszta\u0142cenia technicznego podejmowa\u0107 \u015bwiadome decyzje dotycz\u0105ce technologii, a tak\u017ce szkolimy in\u017cynier\u00f3w, aby stali si\u0119 empatycznymi komunikatorami i strategicznymi partnerami. Za\u0142o\u017cona przez Jana Wysockiego&nbsp;<em>BITS OF IT<\/em>&nbsp;\u0142\u0105czy techniczn\u0105 jasno\u015b\u0107 z inteligencj\u0105 emocjonaln\u0105, aby zniwelowa\u0107 r\u00f3\u017cnice mi\u0119dzy biznesem a technologi\u0105. Niezale\u017cnie od tego, czy kierujesz firm\u0105, czy piszesz kod, pomo\u017cemy Ci nawi\u0105zywa\u0107 kontakty, wsp\u00f3\u0142pracowa\u0107 i osi\u0105ga\u0107 lepsze rezultaty.<\/p>\n<p class=\"has-x-large-font-size\">Us\u0142ugi<\/p>\n<p><strong>Dla nietechnicznych lider\u00f3w<\/strong><\/p>\n<ul class=\"wp-block-list\">\n<li><strong>Doradztwo i konsulting technologiczny<\/strong><br>Zrozum, co jest mo\u017cliwe, co praktyczne i w co warto inwestowa\u0107 \u2014 bez \u017cargonu.<\/li>\n<li><strong>Warsztaty i briefingi<\/strong><br>Spersonalizowane sesje, kt\u00f3re pomog\u0105 Tobie i Twojemu zespo\u0142owi zrozumie\u0107 kluczowe koncepcje i trendy technologiczne.<\/li>\n<\/ul>\n<p><strong><br><\/strong><\/p><p><strong>Dla in\u017cynier\u00f3w i zespo\u0142\u00f3w technicznych<\/strong><\/p>\n<ul class=\"wp-block-list\">\n<li><strong>Coaching zorientowany na umiej\u0119tno\u015bci mi\u0119kkie<\/strong><br>Rozwijaj komunikacj\u0119, przyw\u00f3dztwo i \u015bwiadomo\u015b\u0107 biznesow\u0105, aby sta\u0107 si\u0119 bardziej efektywnym partnerem technicznym.<\/li>\n<li><strong>Programy rozwoju zespo\u0142\u00f3w<\/strong><br>Wzmocnij wsp\u00f3\u0142prac\u0119, empati\u0119 i interdyscyplinarny wp\u0142yw poprzez ukierunkowany coaching i informacj\u0119 zwrotn\u0105.<\/li>\n<\/ul>\n<p><strong><br><\/strong><\/p><p><strong>Dla organizacji<\/strong><\/p>\n<ul class=\"wp-block-list\">\n<li><strong>Balans biznesu z technologi\u0105<\/strong><br>Pomagamy zespo\u0142om m\u00f3wi\u0107 tym samym j\u0119zykiem, osi\u0105ga\u0107 sp\u00f3jno\u015b\u0107 cel\u00f3w i wsp\u00f3lnie dostarcza\u0107 lepsze rozwi\u0105zania.<\/li>\n<\/ul>\t\t\t\t\t\t\t\t<\/div>\n\t\t\t\t<\/div>\n\t\t\t\t<\/div>\n\t\t<div class=\"elementor-element elementor-element-92dcdb5 e-con-full e-flex e-con e-child\" data-id=\"92dcdb5\" data-element_type=\"container\" data-e-type=\"container\" data-settings=\"{&quot;background_background&quot;:&quot;classic&quot;}\">\n\t\t\t\t<\/div>\n\t\t\t\t\t<\/div>\n\t\t\t\t<\/div>\n\t\t<div class=\"elementor-element elementor-element-cd4aca4 e-flex e-con-boxed elementor-invisible e-con e-parent\" data-id=\"cd4aca4\" data-element_type=\"container\" data-e-type=\"container\" data-settings=\"{&quot;background_background&quot;:&quot;classic&quot;,&quot;animation&quot;:&quot;fadeIn&quot;}\">\n\t\t\t\t\t<div class=\"e-con-inner\">\n\t\t<div class=\"elementor-element elementor-element-07e7ff0 e-con-full e-flex e-con e-child\" data-id=\"07e7ff0\" data-element_type=\"container\" data-e-type=\"container\" data-settings=\"{&quot;background_background&quot;:&quot;classic&quot;}\">\n\t\t\t\t<\/div>\n\t\t<div class=\"elementor-element elementor-element-8850ba8 e-con-full e-flex e-con e-child\" data-id=\"8850ba8\" data-element_type=\"container\" data-e-type=\"container\" data-settings=\"{&quot;background_background&quot;:&quot;classic&quot;}\">\n\t\t<div class=\"elementor-element elementor-element-4aad358 e-con-full e-flex e-con e-child\" data-id=\"4aad358\" data-element_type=\"container\" data-e-type=\"container\">\n\t\t\t\t<div class=\"elementor-element elementor-element-eb328c7 elementor-widget__width-inherit elementor-widget elementor-widget-text-editor\" data-id=\"eb328c7\" data-element_type=\"widget\" data-e-type=\"widget\" data-widget_type=\"text-editor.default\">\n\t\t\t\t\t\t\t\t\t<p class=\"has-x-large-font-size\"><img decoding=\"async\" class=\"emoji\" role=\"img\" draggable=\"false\" src=\"https:\/\/s.w.org\/images\/core\/emoji\/16.0.1\/svg\/1f680.svg\" alt=\"\ud83d\ude80\" \/>\u00a0Zaczynamy ?<\/p><p>Niezale\u017cnie od tego, czy jeste\u015b mened\u017cerem pr\u00f3buj\u0105cym zrozumie\u0107 technologi\u0119, czy in\u017cynierem gotowym do tego by przewodzi\u0107 i wywiera\u0107 wp\u0142yw \u2014 jeste\u015bmy tutaj, aby pom\u00f3c. <strong>Porozmawiajmy<\/strong><\/p>\t\t\t\t\t\t\t\t<\/div>\n\t\t\t\t<div class=\"elementor-element elementor-element-642424c elementor-widget elementor-widget-button\" data-id=\"642424c\" data-element_type=\"widget\" data-e-type=\"widget\" data-widget_type=\"button.default\">\n\t\t\t\t\t\t\t\t\t\t<a class=\"elementor-button elementor-button-link elementor-size-sm\" href=\"https:\/\/bitsof.it\/pl\/discoverycall\/\" https=\"\">\n\t\t\t\t\t\t<span class=\"elementor-button-content-wrapper\">\n\t\t\t\t\t\t\t\t\t<span class=\"elementor-button-text\">Zarezerwuj Discovery Call<\/span>\n\t\t\t\t\t<\/span>\n\t\t\t\t\t<\/a>\n\t\t\t\t\t\t\t\t<\/div>\n\t\t\t\t<\/div>\n\t\t\t\t<\/div>\n\t\t<div class=\"elementor-element elementor-element-81abe02 e-con-full e-flex e-con e-child\" data-id=\"81abe02\" data-element_type=\"container\" data-e-type=\"container\" data-settings=\"{&quot;background_background&quot;:&quot;classic&quot;}\">\n\t\t\t\t<\/div>\n\t\t\t\t\t<\/div>\n\t\t\t\t<\/div>\n\t\t\t\t<\/div>","protected":false},"excerpt":{"rendered":"<p>I support non-technical leaders in making smart decisions about technology, with common sense and no jargon, and I coach engineers who want to have more impact on organization.Everything to bridge the gap between business and tech. JAN WYSOCKI How can I help? Book Discovery Call &nbsp; We exist to make technology simple. &nbsp;We believe that [&hellip;]<\/p>\n","protected":false},"author":1,"featured_media":0,"parent":0,"menu_order":0,"comment_status":"closed","ping_status":"closed","template":"elementor_header_footer","meta":{"footnotes":""},"class_list":["post-462","page","type-page","status-publish","hentry"],"_links":{"self":[{"href":"https:\/\/bitsof.it\/pl\/wp-json\/wp\/v2\/pages\/462","targetHints":{"allow":["GET"]}}],"collection":[{"href":"https:\/\/bitsof.it\/pl\/wp-json\/wp\/v2\/pages"}],"about":[{"href":"https:\/\/bitsof.it\/pl\/wp-json\/wp\/v2\/types\/page"}],"author":[{"embeddable":true,"href":"https:\/\/bitsof.it\/pl\/wp-json\/wp\/v2\/users\/1"}],"replies":[{"embeddable":true,"href":"https:\/\/bitsof.it\/pl\/wp-json\/wp\/v2\/comments?post=462"}],"version-history":[{"count":65,"href":"https:\/\/bitsof.it\/pl\/wp-json\/wp\/v2\/pages\/462\/revisions"}],"predecessor-version":[{"id":945,"href":"https:\/\/bitsof.it\/pl\/wp-json\/wp\/v2\/pages\/462\/revisions\/945"}],"wp:attachment":[{"href":"https:\/\/bitsof.it\/pl\/wp-json\/wp\/v2\/media?parent=462"}],"curies":[{"name":"wp","href":"https:\/\/api.w.org\/{rel}","templated":true}]}}