{"id":413,"date":"2025-10-08T15:03:16","date_gmt":"2025-10-08T13:03:16","guid":{"rendered":"https:\/\/bitsof.it\/?page_id=413"},"modified":"2025-10-30T15:47:35","modified_gmt":"2025-10-30T14:47:35","slug":"discoverycall","status":"publish","type":"page","link":"https:\/\/bitsof.it\/pl\/discoverycall\/","title":{"rendered":"discovery"},"content":{"rendered":"<div data-elementor-type=\"wp-page\" data-elementor-id=\"413\" class=\"elementor elementor-413\">\n\t\t\t\t<div class=\"elementor-element elementor-element-5bc33723 elementor-hidden-tablet elementor-hidden-mobile e-flex e-con-boxed e-con e-parent\" data-id=\"5bc33723\" data-element_type=\"container\" data-e-type=\"container\">\n\t\t\t\t\t<div class=\"e-con-inner\">\n\t\t\t\t\t<\/div>\n\t\t\t\t<\/div>\n\t\t<div class=\"elementor-element elementor-element-605d9ed4 e-flex e-con-boxed e-con e-parent\" data-id=\"605d9ed4\" data-element_type=\"container\" data-e-type=\"container\">\n\t\t\t\t\t<div class=\"e-con-inner\">\n\t\t\t\t<div class=\"elementor-element elementor-element-39b4eb8b elementor-widget elementor-widget-image\" data-id=\"39b4eb8b\" data-element_type=\"widget\" data-e-type=\"widget\" data-widget_type=\"image.default\">\n\t\t\t\t\t\t\t\t\t\t\t\t\t\t\t<img fetchpriority=\"high\" decoding=\"async\" width=\"300\" height=\"300\" src=\"https:\/\/bitsof.it\/wp-content\/uploads\/2025\/10\/openart-image__F4fpaOx_1761827620185_raw-300x300.webp\" class=\"attachment-medium size-medium wp-image-821\" alt=\"\" srcset=\"https:\/\/bitsof.it\/wp-content\/uploads\/2025\/10\/openart-image__F4fpaOx_1761827620185_raw-300x300.webp 300w, https:\/\/bitsof.it\/wp-content\/uploads\/2025\/10\/openart-image__F4fpaOx_1761827620185_raw-150x150.webp 150w, https:\/\/bitsof.it\/wp-content\/uploads\/2025\/10\/openart-image__F4fpaOx_1761827620185_raw-768x768.webp 768w, https:\/\/bitsof.it\/wp-content\/uploads\/2025\/10\/openart-image__F4fpaOx_1761827620185_raw-12x12.webp 12w, https:\/\/bitsof.it\/wp-content\/uploads\/2025\/10\/openart-image__F4fpaOx_1761827620185_raw.webp 1024w\" sizes=\"(max-width: 300px) 100vw, 300px\" \/>\t\t\t\t\t\t\t\t\t\t\t\t\t\t\t<\/div>\n\t\t<div class=\"elementor-element elementor-element-9c3264c e-con-full e-flex e-con e-child\" data-id=\"9c3264c\" data-element_type=\"container\" data-e-type=\"container\">\n\t\t<div class=\"elementor-element elementor-element-7cbd8d24 e-con-full e-flex e-con e-child\" data-id=\"7cbd8d24\" data-element_type=\"container\" data-e-type=\"container\">\n\t\t\t\t<div class=\"elementor-element elementor-element-1874a3fa elementor-widget elementor-widget-heading\" data-id=\"1874a3fa\" data-element_type=\"widget\" data-e-type=\"widget\" data-widget_type=\"heading.default\">\n\t\t\t\t\t<h1 class=\"elementor-heading-title elementor-size-default\">Discovery call<\/h1>\t\t\t\t<\/div>\n\t\t\t\t<\/div>\n\t\t<div class=\"elementor-element elementor-element-8632fbf e-con-full e-flex e-con e-child\" data-id=\"8632fbf\" data-element_type=\"container\" data-e-type=\"container\">\n\t\t\t\t<div class=\"elementor-element elementor-element-21fdc46 elementor-view-default elementor-widget elementor-widget-icon\" data-id=\"21fdc46\" data-element_type=\"widget\" data-e-type=\"widget\" data-widget_type=\"icon.default\">\n\t\t\t\t\t\t\t<div class=\"elementor-icon-wrapper\">\n\t\t\t<div class=\"elementor-icon\">\n\t\t\t<svg aria-hidden=\"true\" class=\"e-font-icon-svg e-far-clock\" viewbox=\"0 0 512 512\" xmlns=\"http:\/\/www.w3.org\/2000\/svg\"><path d=\"M256 8C119 8 8 119 8 256s111 248 248 248 248-111 248-248S393 8 256 8zm0 448c-110.5 0-200-89.5-200-200S145.5 56 256 56s200 89.5 200 200-89.5 200-200 200zm61.8-104.4l-84.9-61.7c-3.1-2.3-4.9-5.9-4.9-9.7V116c0-6.6 5.4-12 12-12h32c6.6 0 12 5.4 12 12v141.7l66.8 48.6c5.4 3.9 6.5 11.4 2.6 16.8L334.6 349c-3.9 5.3-11.4 6.5-16.8 2.6z\"><\/path><\/svg>\t\t\t<\/div>\n\t\t<\/div>\n\t\t\t\t\t\t<\/div>\n\t\t\t\t<div class=\"elementor-element elementor-element-64e8bea elementor-widget elementor-widget-heading\" data-id=\"64e8bea\" data-element_type=\"widget\" data-e-type=\"widget\" data-widget_type=\"heading.default\">\n\t\t\t\t\t<h4 class=\"elementor-heading-title elementor-size-default\">30 minut<\/h4>\t\t\t\t<\/div>\n\t\t\t\t<\/div>\n\t\t\t\t<\/div>\n\t\t\t\t\t<\/div>\n\t\t\t\t<\/div>\n\t\t<div class=\"elementor-element elementor-element-1c66aaf7 e-flex e-con-boxed e-con e-parent\" data-id=\"1c66aaf7\" data-element_type=\"container\" data-e-type=\"container\">\n\t\t\t\t\t<div class=\"e-con-inner\">\n\t\t\t\t<div class=\"elementor-element elementor-element-56d44a8d elementor-widget elementor-widget-text-editor\" data-id=\"56d44a8d\" data-element_type=\"widget\" data-e-type=\"widget\" data-widget_type=\"text-editor.default\">\n\t\t\t\t\t\t\t\t\t<p class=\"has-large-font-size\"><strong>Zobaczmy jak mog\u0119 Ci pom\u00f3c<\/strong><\/p>\n<p><!-- \/wp:paragraph --><\/p>\n<p><!-- wp:paragraph --><\/p>\n<p>Niezale\u017cnie od tego, czy jeste\u015b liderem bez wykszta\u0142cenia technicznego poszukuj\u0105cym jasno\u015bci, czy in\u017cynierem pragn\u0105cym rozwin\u0105\u0107 swoje umiej\u0119tno\u015bci interpersonalne, ta bezp\u0142atna 30-minutowa rozmowa b\u0119dzie dla Ciebie punktem wyj\u015bcia.<\/p>\n<p><!-- \/wp:paragraph --><\/p>\n<p><!-- wp:paragraph --><\/p>\n<p><img decoding=\"async\" class=\"emoji\" role=\"img\" draggable=\"false\" src=\"https:\/\/s.w.org\/images\/core\/emoji\/16.0.1\/svg\/1f50d.svg\" alt=\"\ud83d\udd0d\" \/> Jak to wygl\u0105da?<\/p>\n<p><!-- \/wp:paragraph --><\/p>\n<p><!-- wp:list --><\/p>\n<ul class=\"wp-block-list\">\n<li style=\"list-style-type: none;\">\n<ul class=\"wp-block-list\"><!-- wp:list-item --><\/ul>\n<\/li>\n<\/ul>\n<ul class=\"wp-block-list\">\n<li style=\"list-style-type: none;\">\n<ul class=\"wp-block-list\">\n<li>Kr\u00f3tka rozmowa pozwalaj\u0105ca lepiej zrozumie\u0107 twoje wyzwania<\/li>\n<\/ul>\n<\/li>\n<\/ul>\n<p><!-- \/wp:list-item --><\/p>\n<p><!-- wp:list-item --><\/p>\n<ul class=\"wp-block-list\">\n<li style=\"list-style-type: none;\">\n<ul class=\"wp-block-list\">\n<li>Wgl\u0105d w to, jak mo\u017cemy wesprze\u0107 Ciebie lub Tw\u00f3j zesp\u00f3\u0142<\/li>\n<\/ul>\n<\/li>\n<\/ul>\n<p><!-- \/wp:list-item --><\/p>\n<p><!-- wp:list-item --><\/p>\n<ul class=\"wp-block-list\">\n<li style=\"list-style-type: none;\">\n<ul class=\"wp-block-list\">\n<li>Bez presji, bez \u017cargonu \u2014 tylko szczere, strategiczne wskaz\u00f3wki<\/li>\n<\/ul>\n<\/li>\n<\/ul>\n<p><!-- \/wp:list-item --><\/p>\n<p><!-- \/wp:list --><\/p>\n<p><!-- wp:paragraph --><\/p>\n<p><!-- \/wp:paragraph --><\/p>\n<p><!-- wp:paragraph --><\/p>\n<p><!-- \/wp:paragraph --><\/p>\n<p><!-- wp:paragraph --><\/p>\n<p><img decoding=\"async\" class=\"emoji\" role=\"img\" draggable=\"false\" src=\"https:\/\/s.w.org\/images\/core\/emoji\/16.0.1\/svg\/2705.svg\" alt=\"\u2705\" \/> Dla kogo?<\/p>\n<p><!-- \/wp:paragraph --><\/p>\n<p><!-- wp:list --><\/p>\n<ul class=\"wp-block-list\">\n<li style=\"list-style-type: none;\">\n<ul class=\"wp-block-list\"><!-- wp:list-item --><\/ul>\n<\/li>\n<\/ul>\n<ul class=\"wp-block-list\">\n<li style=\"list-style-type: none;\">\n<ul class=\"wp-block-list\">\n<li>Dla lider\u00f3w biznesu, kt\u00f3rzy chc\u0105 podejmowa\u0107 lepsze decyzje odno\u015bnie technologii<\/li>\n<\/ul>\n<\/li>\n<\/ul>\n<p><!-- \/wp:list-item --><\/p>\n<p><!-- wp:list-item --><\/p>\n<ul class=\"wp-block-list\">\n<li style=\"list-style-type: none;\">\n<ul class=\"wp-block-list\">\n<li>Dla in\u017cynier\u00f3w, kt\u00f3rzy pragn\u0105 mie\u0107 wp\u0142yw na organizacj\u0119<\/li>\n<\/ul>\n<\/li>\n<\/ul>\n<p><!-- \/wp:list-item --><\/p>\n<p><!-- wp:list-item --><\/p>\n<ul class=\"wp-block-list\">\n<li style=\"list-style-type: none;\">\n<ul class=\"wp-block-list\">\n<li>Dla Organizacji d\u0105\u017c\u0105cych do lepszej wsp\u00f3\u0142pracy mi\u0119dzy technologi\u0105 a biznesem<\/li>\n<\/ul>\n<\/li>\n<\/ul>\n<p><!-- \/wp:list-item --><\/p>\n<p><!-- \/wp:list --><\/p>\n<p><!-- wp:paragraph --><\/p>\n<p><img decoding=\"async\" class=\"emoji\" role=\"img\" draggable=\"false\" src=\"https:\/\/s.w.org\/images\/core\/emoji\/16.0.1\/svg\/1f4ec.svg\" alt=\"\ud83d\udcec\" \/> Gotowy\/Gotowa?<\/p>\n<p><!-- \/wp:paragraph --><\/p>\n<p><!-- wp:paragraph --><\/p>\n<p>Porozmawiajmy o tym, jak mo\u017cemy wsp\u00f3\u0142pracowa\u0107.<\/p>\n<p><!-- \/wp:paragraph --><\/p>\n<p><!-- wp:columns --><\/p>\n<div class=\"wp-block-columns\">\n<p><!-- wp:column --><\/p>\n<div class=\"wp-block-column\">\n<p><!-- wp:paragraph --><\/p>\n<p>Zarezerwuj rozmow\u0119 wst\u0119pn\u0105<\/p>\n<\/div>\n<\/div>\t\t\t\t\t\t\t\t<\/div>\n\t\t\t\t\t<\/div>\n\t\t\t\t<\/div>\n\t\t<div class=\"elementor-element elementor-element-de5ae08 e-flex e-con-boxed e-con e-parent\" data-id=\"de5ae08\" data-element_type=\"container\" data-e-type=\"container\">\n\t\t\t\t\t<div class=\"e-con-inner\">\n\t\t<div class=\"elementor-element elementor-element-a231ccc e-con-full e-flex e-con e-child\" data-id=\"a231ccc\" data-element_type=\"container\" data-e-type=\"container\">\n\t\t\t\t<div class=\"elementor-element elementor-element-3e7e20e0 elementor-widget elementor-widget-html\" data-id=\"3e7e20e0\" data-element_type=\"widget\" data-e-type=\"widget\" data-widget_type=\"html.default\">\n\t\t\t\t\t\n\n\n<p><iframe src=\"https:\/\/www.naffy.io\/bitsofit\/discovery-call-FjO\" width=\"300px\" height=\"1100\"><\/iframe><\/p>\t\t\t\t<\/div>\n\t\t\t\t<\/div>\n\t\t\t\t\t<\/div>\n\t\t\t\t<\/div>\n\t\t<div class=\"elementor-element elementor-element-74dd281 e-flex e-con-boxed e-con e-parent\" data-id=\"74dd281\" data-element_type=\"container\" data-e-type=\"container\">\n\t\t\t\t\t<div class=\"e-con-inner\">\n\t\t\t\t\t<\/div>\n\t\t\t\t<\/div>\n\t\t\t\t<\/div>","protected":false},"excerpt":{"rendered":"<p>Discovery call 30 minutes Let\u2019s explore how I can help you bridge the gap between business and technology. Whether you&#8217;re a non-technical leader seeking clarity or an engineer aiming to grow your soft skills, this free 30-minute call is your starting point. What to Expect A brief conversation to understand your goals and challenges Insights [&hellip;]<\/p>\n","protected":false},"author":1,"featured_media":0,"parent":0,"menu_order":0,"comment_status":"closed","ping_status":"closed","template":"elementor_header_footer","meta":{"footnotes":""},"class_list":["post-413","page","type-page","status-publish","hentry"],"_links":{"self":[{"href":"https:\/\/bitsof.it\/pl\/wp-json\/wp\/v2\/pages\/413","targetHints":{"allow":["GET"]}}],"collection":[{"href":"https:\/\/bitsof.it\/pl\/wp-json\/wp\/v2\/pages"}],"about":[{"href":"https:\/\/bitsof.it\/pl\/wp-json\/wp\/v2\/types\/page"}],"author":[{"embeddable":true,"href":"https:\/\/bitsof.it\/pl\/wp-json\/wp\/v2\/users\/1"}],"replies":[{"embeddable":true,"href":"https:\/\/bitsof.it\/pl\/wp-json\/wp\/v2\/comments?post=413"}],"version-history":[{"count":29,"href":"https:\/\/bitsof.it\/pl\/wp-json\/wp\/v2\/pages\/413\/revisions"}],"predecessor-version":[{"id":871,"href":"https:\/\/bitsof.it\/pl\/wp-json\/wp\/v2\/pages\/413\/revisions\/871"}],"wp:attachment":[{"href":"https:\/\/bitsof.it\/pl\/wp-json\/wp\/v2\/media?parent=413"}],"curies":[{"name":"wp","href":"https:\/\/api.w.org\/{rel}","templated":true}]}}