{"id":272,"date":"2025-09-10T12:37:48","date_gmt":"2025-09-10T10:37:48","guid":{"rendered":"https:\/\/bitsof.it\/?page_id=272"},"modified":"2025-10-30T15:48:17","modified_gmt":"2025-10-30T14:48:17","slug":"coffee-chat","status":"publish","type":"page","link":"https:\/\/bitsof.it\/pl\/coffee-chat\/","title":{"rendered":"coffee-chat"},"content":{"rendered":"<div data-elementor-type=\"wp-page\" data-elementor-id=\"272\" class=\"elementor elementor-272\">\n\t\t\t\t<div class=\"elementor-element elementor-element-c02593f elementor-hidden-tablet elementor-hidden-mobile e-flex e-con-boxed e-con e-parent\" data-id=\"c02593f\" data-element_type=\"container\" data-e-type=\"container\">\n\t\t\t\t\t<div class=\"e-con-inner\">\n\t\t\t\t\t<\/div>\n\t\t\t\t<\/div>\n\t\t<div class=\"elementor-element elementor-element-29fed5d e-flex e-con-boxed e-con e-parent\" data-id=\"29fed5d\" data-element_type=\"container\" data-e-type=\"container\">\n\t\t\t\t\t<div class=\"e-con-inner\">\n\t\t\t\t<div class=\"elementor-element elementor-element-2127103 elementor-widget elementor-widget-image\" data-id=\"2127103\" data-element_type=\"widget\" data-e-type=\"widget\" data-widget_type=\"image.default\">\n\t\t\t\t\t\t\t\t\t\t\t\t\t\t\t<img fetchpriority=\"high\" decoding=\"async\" width=\"300\" height=\"300\" src=\"https:\/\/bitsof.it\/wp-content\/uploads\/2025\/10\/openart-image_h3xfXMFi_1761828372462_raw-300x300.webp\" class=\"attachment-medium size-medium wp-image-817\" alt=\"\" srcset=\"https:\/\/bitsof.it\/wp-content\/uploads\/2025\/10\/openart-image_h3xfXMFi_1761828372462_raw-300x300.webp 300w, https:\/\/bitsof.it\/wp-content\/uploads\/2025\/10\/openart-image_h3xfXMFi_1761828372462_raw-150x150.webp 150w, https:\/\/bitsof.it\/wp-content\/uploads\/2025\/10\/openart-image_h3xfXMFi_1761828372462_raw-768x768.webp 768w, https:\/\/bitsof.it\/wp-content\/uploads\/2025\/10\/openart-image_h3xfXMFi_1761828372462_raw-12x12.webp 12w, https:\/\/bitsof.it\/wp-content\/uploads\/2025\/10\/elementor\/thumbs\/openart-image_h3xfXMFi_1761828372462_raw-rdyzfvckbgcgytqsprevbudkpsq81e5tm30sqdsb44.webp 250w, https:\/\/bitsof.it\/wp-content\/uploads\/2025\/10\/openart-image_h3xfXMFi_1761828372462_raw.webp 1024w\" sizes=\"(max-width: 300px) 100vw, 300px\" \/>\t\t\t\t\t\t\t\t\t\t\t\t\t\t\t<\/div>\n\t\t<div class=\"elementor-element elementor-element-22605f1 e-con-full e-flex e-con e-child\" data-id=\"22605f1\" data-element_type=\"container\" data-e-type=\"container\">\n\t\t\t\t<div class=\"elementor-element elementor-element-0fdfa00 elementor-widget elementor-widget-heading\" data-id=\"0fdfa00\" data-element_type=\"widget\" data-e-type=\"widget\" data-widget_type=\"heading.default\">\n\t\t\t\t\t<h1 class=\"elementor-heading-title elementor-size-default\">Pogaw\u0119dka przy kawie<\/h1>\t\t\t\t<\/div>\n\t\t<div class=\"elementor-element elementor-element-66f5b22 e-con-full e-flex e-con e-child\" data-id=\"66f5b22\" data-element_type=\"container\" data-e-type=\"container\">\n\t\t\t\t<div class=\"elementor-element elementor-element-20bf70a elementor-view-default elementor-widget elementor-widget-icon\" data-id=\"20bf70a\" data-element_type=\"widget\" data-e-type=\"widget\" data-widget_type=\"icon.default\">\n\t\t\t\t\t\t\t<div class=\"elementor-icon-wrapper\">\n\t\t\t<div class=\"elementor-icon\">\n\t\t\t<svg aria-hidden=\"true\" class=\"e-font-icon-svg e-far-clock\" viewbox=\"0 0 512 512\" xmlns=\"http:\/\/www.w3.org\/2000\/svg\"><path d=\"M256 8C119 8 8 119 8 256s111 248 248 248 248-111 248-248S393 8 256 8zm0 448c-110.5 0-200-89.5-200-200S145.5 56 256 56s200 89.5 200 200-89.5 200-200 200zm61.8-104.4l-84.9-61.7c-3.1-2.3-4.9-5.9-4.9-9.7V116c0-6.6 5.4-12 12-12h32c6.6 0 12 5.4 12 12v141.7l66.8 48.6c5.4 3.9 6.5 11.4 2.6 16.8L334.6 349c-3.9 5.3-11.4 6.5-16.8 2.6z\"><\/path><\/svg>\t\t\t<\/div>\n\t\t<\/div>\n\t\t\t\t\t\t<\/div>\n\t\t\t\t<div class=\"elementor-element elementor-element-ef45a55 elementor-widget elementor-widget-heading\" data-id=\"ef45a55\" data-element_type=\"widget\" data-e-type=\"widget\" data-widget_type=\"heading.default\">\n\t\t\t\t\t<h4 class=\"elementor-heading-title elementor-size-default\">60 minut<\/h4>\t\t\t\t<\/div>\n\t\t\t\t<\/div>\n\t\t\t\t<\/div>\n\t\t\t\t\t<\/div>\n\t\t\t\t<\/div>\n\t\t<div class=\"elementor-element elementor-element-1082bf2e e-flex e-con-boxed e-con e-parent\" data-id=\"1082bf2e\" data-element_type=\"container\" data-e-type=\"container\">\n\t\t\t\t\t<div class=\"e-con-inner\">\n\t\t\t\t<div class=\"elementor-element elementor-element-edb1888 elementor-widget elementor-widget-text-editor\" data-id=\"edb1888\" data-element_type=\"widget\" data-e-type=\"widget\" data-widget_type=\"text-editor.default\">\n\t\t\t\t\t\t\t\t\t<h4><span style=\"font-size: 1rem;\">W dobie dynamicznego rozwoju technologii informatycznych w\u0142a\u015bciwe decyzje technologiczne decyduj\u0105 o konkurencyjno\u015bci Twojej firmy. Jednak dla wielu mened\u017cer\u00f3w i lider\u00f3w biznesowych, z\u0142o\u017cono\u015b\u0107 \u015bwiata IT bywa barier\u0105, utrudniaj\u0105c\u0105 skuteczne wdra\u017canie rozwi\u0105za\u0144.<\/span><\/h4>\n<h4><!-- \/wp:paragraph --><!-- wp:list --><\/h4>\n<ul class=\"wp-block-list\"><!-- wp:list-item --><p><\/p>\n<li>Ci\u0119\u017cko zrozumie\u0107 Ci zawi\u0142y technologiczny \u017cargon?<\/li>\n<p><!-- \/wp:list-item --><\/p><\/ul>\n<h4><!-- \/wp:list --><!-- wp:list --><\/h4>\n<ul class=\"wp-block-list\"><!-- wp:list-item --><p><\/p>\n<li>Chcia\u0142by\u015b\/chcia\u0142aby\u015b w przyst\u0119pny dla siebie spos\u00f3b zrozumie\u0107 cho\u0107by podstawy tego jak dzia\u0142a dana technologia i jaki jest jej potencja\u0142?<\/li>\n<p><!-- \/wp:list-item --><\/p><\/ul>\n<h4><!-- \/wp:list --><!-- wp:list --><\/h4>\n<ul class=\"wp-block-list\"><!-- wp:list-item --><p><\/p>\n<li>Nie masz poj\u0119cia czy i jak konkretna technologia mog\u0142aby przynie\u015b\u0107 warto\u015b\u0107 dla Twojej firmy?<\/li>\n<p><!-- \/wp:list-item --><\/p><\/ul>\n<h4><!-- \/wp:list --><!-- wp:paragraph --><\/h4>\n<p>Bazuj\u0105c na swoim wieloletnim do\u015bwiadczeniu w bran\u017cy IT jak i w upraszczaniu z\u0142o\u017conych zagadnie\u0144 technologicznych dla os\u00f3b bez specjalistycznego przygotowania, oferuj\u0119 profesjonalne doradztwo indywidualne. Swoj\u0105 wiedz\u0119 zosta\u0142em r\u00f3wnie\u017c w publikacji ksi\u0105\u017ckowej \u2014 przyst\u0119pnym przewodniku po \u015bwiecie nowoczesnych technologii \u2014 kt\u00f3ry stanowi wsparcie dla os\u00f3b pragn\u0105cych pog\u0142\u0119bi\u0107 kompetencje w tym zakresie. Mog\u0119 pom\u00f3c tak\u017ce Tobie, zwinniej porusza\u0107 si\u0119 w \u015bwiecie technologi i podejmowa\u0107 rozs\u0105dne decyzje na jej temat.<\/p>\n<h4><!-- \/wp:paragraph --><!-- wp:paragraph --><\/h4>\n<p><\/p>\n<h4><!-- \/wp:paragraph --><!-- wp:group {\"style\":{\"border\":{\"top\":{\"color\":\"var:preset|color|accent-6\",\"width\":\"1px\"}},\"spacing\":{\"padding\":{\"top\":\"var:preset|spacing|30\",\"bottom\":\"var:preset|spacing|30\"}}},\"layout\":{\"type\":\"flex\",\"orientation\":\"vertical\"}} --><\/h4>\n<div class=\"wp-block-group\" style=\"border-top-color: var(--wp--preset--color--accent-6); border-top-width: 1px; padding-top: var(--wp--preset--spacing--30); padding-bottom: var(--wp--preset--spacing--30);\"><p><!-- wp:heading {\"level\":3} --><\/p>\n<h3 class=\"wp-block-heading\"><img decoding=\"async\" draggable=\"false\" role=\"img\" class=\"emoji\" alt=\"\ud83d\udd0d\" src=\"https:\/\/s.w.org\/images\/core\/emoji\/16.0.1\/svg\/1f50d.svg\"> Consulting includes:<\/h3>\n<p><!-- \/wp:heading --><!-- wp:paragraph --><\/p>\n<p>Analiz\u0119 potrzeb technologicznych Twojej organizacji<\/p>\n<p><!-- \/wp:paragraph --><!-- wp:paragraph --><\/p>\n<p>Rekomendacj\u0119 rozwi\u0105za\u0144 dopasowanych do strategii firmy<\/p>\n<p><!-- \/wp:paragraph --><!-- wp:paragraph --><\/p>\n<p>Wskazanie obszar\u00f3w, w kt\u00f3rych technologia nie jest konieczna<\/p>\n<p><!-- \/wp:paragraph --><!-- wp:paragraph --><\/p>\n<p>Edukacj\u0119 technologiczn\u0105 dopasowan\u0105 do Twojego poziomu wiedzy i stanowiska<\/p>\n<p><!-- \/wp:paragraph --><!-- wp:paragraph --><\/p>\n<p>Wsparcie we wdra\u017caniu nowych rozwi\u0105za\u0144 i podejmowaniu \u015bwiadomych decyzji technologicznych<\/p>\n<p><!-- \/wp:paragraph --><\/p><\/div>\n<h4><!-- \/wp:group --><!-- wp:group {\"style\":{\"border\":{\"top\":{\"color\":\"var:preset|color|accent-6\",\"width\":\"1px\"}},\"spacing\":{\"padding\":{\"top\":\"var:preset|spacing|30\",\"bottom\":\"var:preset|spacing|30\"}}},\"layout\":{\"type\":\"flex\",\"orientation\":\"vertical\"}} --><\/h4>\n<div class=\"wp-block-group\" style=\"border-top-color: var(--wp--preset--color--accent-6); border-top-width: 1px; padding-top: var(--wp--preset--spacing--30); padding-bottom: var(--wp--preset--spacing--30);\"><p><!-- wp:heading {\"level\":3} --><\/p>\n<h3 class=\"wp-block-heading\"><img decoding=\"async\" draggable=\"false\" role=\"img\" class=\"emoji\" alt=\"\ud83c\udfaf\" src=\"https:\/\/s.w.org\/images\/core\/emoji\/16.0.1\/svg\/1f3af.svg\"> Why is it worth it?<\/h3>\n<p><!-- \/wp:heading --><!-- wp:paragraph --><\/p>\n<p>Wzmacniasz swoje kompetencje cyfrowe<\/p>\n<p><!-- \/wp:paragraph --><!-- wp:paragraph --><\/p>\n<p>Zyskujesz zaufanego partnera, kt\u00f3ry t\u0142umaczy j\u0119zyk technologii na j\u0119zyk biznesu<\/p>\n<p><!-- \/wp:paragraph --><!-- wp:paragraph --><\/p>\n<p>Oszcz\u0119dzasz czas i zasoby poprzez trafne wybory technologiczne<\/p>\n<\/div>\n<h4>Zarezerwuj spotkanie<\/h4>\t\t\t\t\t\t\t\t<\/div>\n\t\t\t\t\t<\/div>\n\t\t\t\t<\/div>\n\t\t<div class=\"elementor-element elementor-element-983fb5b e-flex e-con-boxed e-con e-parent\" data-id=\"983fb5b\" data-element_type=\"container\" data-e-type=\"container\">\n\t\t\t\t\t<div class=\"e-con-inner\">\n\t\t<div class=\"elementor-element elementor-element-27ef2b6 e-con-full e-flex e-con e-child\" data-id=\"27ef2b6\" data-element_type=\"container\" data-e-type=\"container\">\n\t\t\t\t<div class=\"elementor-element elementor-element-47f1495 elementor-widget elementor-widget-html\" data-id=\"47f1495\" data-element_type=\"widget\" data-e-type=\"widget\" data-widget_type=\"html.default\">\n\t\t\t\t\t\n\n\n<p><iframe src=\"https:\/\/www.naffy.io\/bitsofit\/rozmowa-przy-kawie-TpK\" width=\"300px\" height=\"1100\"><\/iframe><\/p>\t\t\t\t<\/div>\n\t\t\t\t<\/div>\n\t\t\t\t\t<\/div>\n\t\t\t\t<\/div>\n\t\t<div class=\"elementor-element elementor-element-ca1644d e-flex e-con-boxed e-con e-parent\" data-id=\"ca1644d\" data-element_type=\"container\" data-e-type=\"container\">\n\t\t\t\t\t<div class=\"e-con-inner\">\n\t\t\t\t\t<\/div>\n\t\t\t\t<\/div>\n\t\t\t\t<\/div>","protected":false},"excerpt":{"rendered":"<p>Coffee chat 60 minutes In an era of dynamic IT development, the right technological decisions determine your company&#8217;s competitiveness. However, for many managers and business leaders, the complexity of the IT world can be a barrier, hindering the effective implementation of solutions. Do you find it difficult to understand complex technological jargon? Would you like [&hellip;]<\/p>\n","protected":false},"author":1,"featured_media":0,"parent":0,"menu_order":0,"comment_status":"closed","ping_status":"closed","template":"elementor_header_footer","meta":{"footnotes":""},"class_list":["post-272","page","type-page","status-publish","hentry"],"_links":{"self":[{"href":"https:\/\/bitsof.it\/pl\/wp-json\/wp\/v2\/pages\/272","targetHints":{"allow":["GET"]}}],"collection":[{"href":"https:\/\/bitsof.it\/pl\/wp-json\/wp\/v2\/pages"}],"about":[{"href":"https:\/\/bitsof.it\/pl\/wp-json\/wp\/v2\/types\/page"}],"author":[{"embeddable":true,"href":"https:\/\/bitsof.it\/pl\/wp-json\/wp\/v2\/users\/1"}],"replies":[{"embeddable":true,"href":"https:\/\/bitsof.it\/pl\/wp-json\/wp\/v2\/comments?post=272"}],"version-history":[{"count":58,"href":"https:\/\/bitsof.it\/pl\/wp-json\/wp\/v2\/pages\/272\/revisions"}],"predecessor-version":[{"id":874,"href":"https:\/\/bitsof.it\/pl\/wp-json\/wp\/v2\/pages\/272\/revisions\/874"}],"wp:attachment":[{"href":"https:\/\/bitsof.it\/pl\/wp-json\/wp\/v2\/media?parent=272"}],"curies":[{"name":"wp","href":"https:\/\/api.w.org\/{rel}","templated":true}]}}