{"id":194,"date":"2025-07-31T16:14:12","date_gmt":"2025-07-31T14:14:12","guid":{"rendered":"https:\/\/bitsof.it\/?page_id=194"},"modified":"2025-10-30T16:01:00","modified_gmt":"2025-10-30T15:01:00","slug":"doradztwo-technologiczne","status":"publish","type":"page","link":"https:\/\/bitsof.it\/pl\/doradztwo-technologiczne\/","title":{"rendered":"personal-technology-consulting"},"content":{"rendered":"<div data-elementor-type=\"wp-page\" data-elementor-id=\"194\" class=\"elementor elementor-194\">\n\t\t\t\t<div class=\"elementor-element elementor-element-49073178 elementor-hidden-tablet elementor-hidden-mobile e-flex e-con-boxed e-con e-parent\" data-id=\"49073178\" data-element_type=\"container\" data-e-type=\"container\">\n\t\t\t\t\t<div class=\"e-con-inner\">\n\t\t\t\t\t<\/div>\n\t\t\t\t<\/div>\n\t\t<div class=\"elementor-element elementor-element-6d800b76 e-flex e-con-boxed e-con e-parent\" data-id=\"6d800b76\" data-element_type=\"container\" data-e-type=\"container\">\n\t\t\t\t\t<div class=\"e-con-inner\">\n\t\t\t\t<div class=\"elementor-element elementor-element-1997ca4f elementor-widget elementor-widget-image\" data-id=\"1997ca4f\" data-element_type=\"widget\" data-e-type=\"widget\" data-widget_type=\"image.default\">\n\t\t\t\t\t\t\t\t\t\t\t\t\t\t\t<img fetchpriority=\"high\" decoding=\"async\" width=\"300\" height=\"300\" src=\"https:\/\/bitsof.it\/wp-content\/uploads\/2025\/10\/openart-image_krkdeMZH_1761827792184_raw-300x300.webp\" class=\"attachment-medium size-medium wp-image-876\" alt=\"\" srcset=\"https:\/\/bitsof.it\/wp-content\/uploads\/2025\/10\/openart-image_krkdeMZH_1761827792184_raw-300x300.webp 300w, https:\/\/bitsof.it\/wp-content\/uploads\/2025\/10\/openart-image_krkdeMZH_1761827792184_raw-150x150.webp 150w, https:\/\/bitsof.it\/wp-content\/uploads\/2025\/10\/openart-image_krkdeMZH_1761827792184_raw-768x768.webp 768w, https:\/\/bitsof.it\/wp-content\/uploads\/2025\/10\/openart-image_krkdeMZH_1761827792184_raw-12x12.webp 12w, https:\/\/bitsof.it\/wp-content\/uploads\/2025\/10\/openart-image_krkdeMZH_1761827792184_raw.webp 1024w\" sizes=\"(max-width: 300px) 100vw, 300px\" \/>\t\t\t\t\t\t\t\t\t\t\t\t\t\t\t<\/div>\n\t\t<div class=\"elementor-element elementor-element-6eb0f692 e-con-full e-flex e-con e-child\" data-id=\"6eb0f692\" data-element_type=\"container\" data-e-type=\"container\">\n\t\t\t\t<div class=\"elementor-element elementor-element-23ff84e1 elementor-widget elementor-widget-heading\" data-id=\"23ff84e1\" data-element_type=\"widget\" data-e-type=\"widget\" data-widget_type=\"heading.default\">\n\t\t\t\t\t<h1 class=\"elementor-heading-title elementor-size-default\">Indywidualne Doradztwo Technologiczne dla Mened\u017cer\u00f3w<\/h1>\t\t\t\t<\/div>\n\t\t<div class=\"elementor-element elementor-element-a2c8209 e-con-full e-flex e-con e-child\" data-id=\"a2c8209\" data-element_type=\"container\" data-e-type=\"container\">\n\t\t\t\t<div class=\"elementor-element elementor-element-025deff elementor-view-default elementor-widget elementor-widget-icon\" data-id=\"025deff\" data-element_type=\"widget\" data-e-type=\"widget\" data-widget_type=\"icon.default\">\n\t\t\t\t\t\t\t<div class=\"elementor-icon-wrapper\">\n\t\t\t<div class=\"elementor-icon\">\n\t\t\t<svg aria-hidden=\"true\" class=\"e-font-icon-svg e-far-clock\" viewbox=\"0 0 512 512\" xmlns=\"http:\/\/www.w3.org\/2000\/svg\"><path d=\"M256 8C119 8 8 119 8 256s111 248 248 248 248-111 248-248S393 8 256 8zm0 448c-110.5 0-200-89.5-200-200S145.5 56 256 56s200 89.5 200 200-89.5 200-200 200zm61.8-104.4l-84.9-61.7c-3.1-2.3-4.9-5.9-4.9-9.7V116c0-6.6 5.4-12 12-12h32c6.6 0 12 5.4 12 12v141.7l66.8 48.6c5.4 3.9 6.5 11.4 2.6 16.8L334.6 349c-3.9 5.3-11.4 6.5-16.8 2.6z\"><\/path><\/svg>\t\t\t<\/div>\n\t\t<\/div>\n\t\t\t\t\t\t<\/div>\n\t\t\t\t<div class=\"elementor-element elementor-element-d7f46ae elementor-widget elementor-widget-heading\" data-id=\"d7f46ae\" data-element_type=\"widget\" data-e-type=\"widget\" data-widget_type=\"heading.default\">\n\t\t\t\t\t<h4 class=\"elementor-heading-title elementor-size-default\">60 minut<\/h4>\t\t\t\t<\/div>\n\t\t\t\t<\/div>\n\t\t\t\t<\/div>\n\t\t\t\t\t<\/div>\n\t\t\t\t<\/div>\n\t\t<div class=\"elementor-element elementor-element-1404a24e e-flex e-con-boxed e-con e-parent\" data-id=\"1404a24e\" data-element_type=\"container\" data-e-type=\"container\">\n\t\t\t\t\t<div class=\"e-con-inner\">\n\t\t\t\t\t<\/div>\n\t\t\t\t<\/div>\n\t\t<div class=\"elementor-element elementor-element-29872dd e-flex e-con-boxed e-con e-parent\" data-id=\"29872dd\" data-element_type=\"container\" data-e-type=\"container\">\n\t\t\t\t\t<div class=\"e-con-inner\">\n\t\t\t\t<div class=\"elementor-element elementor-element-5d391ca elementor-widget elementor-widget-text-editor\" data-id=\"5d391ca\" data-element_type=\"widget\" data-e-type=\"widget\" data-widget_type=\"text-editor.default\">\n\t\t\t\t\t\t\t\t\t<p>W dobie dynamicznego rozwoju technologii informatycznych w\u0142a\u015bciwe decyzje technologiczne decyduj\u0105 o konkurencyjno\u015bci Twojej firmy. Jednak dla wielu mened\u017cer\u00f3w i lider\u00f3w biznesowych, z\u0142o\u017cono\u015b\u0107 \u015bwiata IT bywa barier\u0105, utrudniaj\u0105c\u0105 skuteczne wdra\u017canie rozwi\u0105za\u0144.<\/p>\n<ul class=\"wp-block-list\">\n<li>Ci\u0119\u017cko zrozumie\u0107 Ci zawi\u0142y technologiczny \u017cargon?<\/li>\n<!-- \/wp:list-item --><\/ul>\n<p><!-- \/wp:list --><!-- wp:list --><\/p>\n<ul class=\"wp-block-list\"><!-- wp:list-item -->\n<li>Chcia\u0142by\u015b\/chcia\u0142aby\u015b w przyst\u0119pny dla siebie spos\u00f3b zrozumie\u0107 cho\u0107by podstawy tego jak dzia\u0142a dana technologia i jaki jest jej potencja\u0142?<\/li>\n<!-- \/wp:list-item --><\/ul>\n<p><!-- \/wp:list --><!-- wp:list --><\/p>\n<ul class=\"wp-block-list\"><!-- wp:list-item -->\n<li>Nie masz poj\u0119cia czy i jak konkretna technologia mog\u0142aby przynie\u015b\u0107 warto\u015b\u0107 dla Twojej firmy?<\/li>\n<!-- \/wp:list-item --><\/ul>\n<p><!-- \/wp:list --><!-- wp:paragraph --><\/p>\n<p>Bazuj\u0105c na swoim wieloletnim do\u015bwiadczeniu w bran\u017cy IT jak i w upraszczaniu z\u0142o\u017conych zagadnie\u0144 technologicznych dla os\u00f3b bez specjalistycznego przygotowania, oferuj\u0119 profesjonalne doradztwo indywidualne. Swoj\u0105 wiedz\u0119 zosta\u0142em r\u00f3wnie\u017c w publikacji ksi\u0105\u017ckowej \u2014 przyst\u0119pnym przewodniku po \u015bwiecie nowoczesnych technologii \u2014 kt\u00f3ry stanowi wsparcie dla os\u00f3b pragn\u0105cych pog\u0142\u0119bi\u0107 kompetencje w tym zakresie. Mog\u0119 pom\u00f3c tak\u017ce Tobie, zwinniej porusza\u0107 si\u0119 w \u015bwiecie technologi i podejmowa\u0107 rozs\u0105dne decyzje na jej temat.<\/p>\n<p><!-- \/wp:paragraph --><!-- wp:paragraph --><\/p>\n<p>\u00a0<\/p>\n<p><!-- \/wp:paragraph --><!-- wp:group {\"style\":{\"border\":{\"top\":{\"color\":\"var:preset|color|accent-6\",\"width\":\"1px\"}},\"spacing\":{\"padding\":{\"top\":\"var:preset|spacing|30\",\"bottom\":\"var:preset|spacing|30\"}}},\"layout\":{\"type\":\"flex\",\"orientation\":\"vertical\"}} --><\/p>\n<div class=\"wp-block-group\" style=\"border-top-color: var(--wp--preset--color--accent-6); border-top-width: 1px; padding-top: var(--wp--preset--spacing--30); padding-bottom: var(--wp--preset--spacing--30);\"><!-- wp:heading {\"level\":3} -->\n<h3 class=\"wp-block-heading\">\ud83d\udd0d Zakres doradztwa obejmuje:<\/h3>\n<!-- \/wp:heading --><!-- wp:paragraph -->\n<p>Analiz\u0119 potrzeb technologicznych Twojej organizacji<\/p>\n<!-- \/wp:paragraph --><!-- wp:paragraph -->\n<p>Rekomendacj\u0119 rozwi\u0105za\u0144 dopasowanych do strategii firmy<\/p>\n<!-- \/wp:paragraph --><!-- wp:paragraph -->\n<p>Wskazanie obszar\u00f3w, w kt\u00f3rych technologia nie jest konieczna<\/p>\n<!-- \/wp:paragraph --><!-- wp:paragraph -->\n<p>Edukacj\u0119 technologiczn\u0105 dopasowan\u0105 do Twojego poziomu wiedzy i stanowiska<\/p>\n<!-- \/wp:paragraph --><!-- wp:paragraph -->\n<p>Wsparcie we wdra\u017caniu nowych rozwi\u0105za\u0144 i podejmowaniu \u015bwiadomych decyzji technologicznych<\/p>\n<!-- \/wp:paragraph --><\/div>\n<p><!-- \/wp:group --><!-- wp:group {\"style\":{\"border\":{\"top\":{\"color\":\"var:preset|color|accent-6\",\"width\":\"1px\"}},\"spacing\":{\"padding\":{\"top\":\"var:preset|spacing|30\",\"bottom\":\"var:preset|spacing|30\"}}},\"layout\":{\"type\":\"flex\",\"orientation\":\"vertical\"}} --><\/p>\n<div class=\"wp-block-group\" style=\"border-top-color: var(--wp--preset--color--accent-6); border-top-width: 1px; padding-top: var(--wp--preset--spacing--30); padding-bottom: var(--wp--preset--spacing--30);\"><!-- wp:heading {\"level\":3} -->\n<h3 class=\"wp-block-heading\">\ud83c\udfaf Dlaczego warto?<\/h3>\n<!-- \/wp:heading --><!-- wp:paragraph -->\n<p>Wzmacniasz swoje kompetencje cyfrowe<\/p>\n<!-- \/wp:paragraph --><!-- wp:paragraph -->\n<p>Zyskujesz zaufanego partnera, kt\u00f3ry t\u0142umaczy j\u0119zyk technologii na j\u0119zyk biznesu<\/p>\n<!-- \/wp:paragraph --><!-- wp:paragraph -->\n<p>Oszcz\u0119dzasz czas i zasoby poprzez trafne wybory technologiczne<\/p>\n<!-- \/wp:paragraph --><\/div>\n<p><!-- \/wp:group --><!-- wp:group {\"style\":{\"border\":{\"top\":{\"color\":\"var:preset|color|accent-6\",\"width\":\"1px\"}},\"spacing\":{\"padding\":{\"top\":\"var:preset|spacing|30\",\"bottom\":\"var:preset|spacing|30\"}}},\"layout\":{\"type\":\"flex\",\"orientation\":\"vertical\"}} --><\/p>\n<div class=\"wp-block-group\" style=\"border-top-color: var(--wp--preset--color--accent-6); border-top-width: 1px; padding-top: var(--wp--preset--spacing--30); padding-bottom: var(--wp--preset--spacing--30);\"><!-- wp:paragraph -->\n<h4>Zarezerwuj pierwsz\u0105 sesj\u0119<\/h4>\n<\/div>\t\t\t\t\t\t\t\t<\/div>\n\t\t\t\t\t<\/div>\n\t\t\t\t<\/div>\n\t\t<div class=\"elementor-element elementor-element-e395765 e-flex e-con-boxed e-con e-parent\" data-id=\"e395765\" data-element_type=\"container\" data-e-type=\"container\">\n\t\t\t\t\t<div class=\"e-con-inner\">\n\t\t<div class=\"elementor-element elementor-element-5ebdcac0 e-con-full e-flex e-con e-child\" data-id=\"5ebdcac0\" data-element_type=\"container\" data-e-type=\"container\">\n\t\t\t\t<div class=\"elementor-element elementor-element-2f1ffd6f elementor-widget elementor-widget-html\" data-id=\"2f1ffd6f\" data-element_type=\"widget\" data-e-type=\"widget\" data-widget_type=\"html.default\">\n\t\t\t\t\t\n\n\n<p><iframe src=\"https:\/\/www.naffy.io\/bitsofit\/technology-consulting-vbJ\" width=\"300px\" height=\"1100\"><\/iframe><\/p>\t\t\t\t<\/div>\n\t\t\t\t<\/div>\n\t\t\t\t\t<\/div>\n\t\t\t\t<\/div>\n\t\t<div class=\"elementor-element elementor-element-39c353f e-flex e-con-boxed e-con e-parent\" data-id=\"39c353f\" data-element_type=\"container\" data-e-type=\"container\">\n\t\t\t\t\t<div class=\"e-con-inner\">\n\t\t<div class=\"elementor-element elementor-element-6a96656 e-flex e-con-boxed e-con e-child\" data-id=\"6a96656\" data-element_type=\"container\" data-e-type=\"container\">\n\t\t\t\t\t<div class=\"e-con-inner\">\n\t\t\t\t<div class=\"elementor-element elementor-element-35cbcec elementor-widget elementor-widget-heading\" data-id=\"35cbcec\" data-element_type=\"widget\" data-e-type=\"widget\" data-widget_type=\"heading.default\">\n\t\t\t\t\t<h2 class=\"elementor-heading-title elementor-size-default\">Potrzebujesz wi\u0119cej informacji?<\/h2>\t\t\t\t<\/div>\n\t\t\t\t<div class=\"elementor-element elementor-element-7214e65 elementor-widget elementor-widget-heading\" data-id=\"7214e65\" data-element_type=\"widget\" data-e-type=\"widget\" data-widget_type=\"heading.default\">\n\t\t\t\t\t<h4 class=\"elementor-heading-title elementor-size-default\">Zostaw sw\u00f3j e-mail a skontaktujemy si\u0119 z Tob\u0105<\/h4>\t\t\t\t<\/div>\n\t\t\t\t<div class=\"elementor-element elementor-element-d8af3d3 elementor-widget elementor-widget-html\" data-id=\"d8af3d3\" data-element_type=\"widget\" data-e-type=\"widget\" data-widget_type=\"html.default\">\n\t\t\t\t\t<div class=\"wp-block-contact-form-7-contact-form-selector\">\n<div class=\"wpcf7 no-js\" id=\"wpcf7-f203-o1\" lang=\"en-US\" dir=\"ltr\" data-wpcf7-id=\"203\">\n<div class=\"screen-reader-response\"><p role=\"status\" aria-live=\"polite\" aria-atomic=\"true\"><\/p> <ul><\/ul><\/div>\n<form action=\"\/pl\/wp-json\/wp\/v2\/pages\/194#wpcf7-f203-o1\" method=\"post\" class=\"wpcf7-form init\" aria-label=\"Contact form\" novalidate=\"novalidate\" data-status=\"init\" data-trp-original-action=\"\/pl\/wp-json\/wp\/v2\/pages\/194#wpcf7-f203-o1\">\n<fieldset class=\"hidden-fields-container\"><input type=\"hidden\" name=\"_wpcf7\" value=\"203\" \/><input type=\"hidden\" name=\"_wpcf7_version\" value=\"6.1.5\" \/><input type=\"hidden\" name=\"_wpcf7_locale\" value=\"en_US\" \/><input type=\"hidden\" name=\"_wpcf7_unit_tag\" value=\"wpcf7-f203-o1\" \/><input type=\"hidden\" name=\"_wpcf7_container_post\" value=\"0\" \/><input type=\"hidden\" name=\"_wpcf7_posted_data_hash\" value=\"\" \/><input type=\"hidden\" name=\"_wpcf7_recaptcha_response\" value=\"\" \/>\n<\/fieldset>\n<p><label> Twoje imi\u0119<br \/>\n<span class=\"wpcf7-form-control-wrap\" data-name=\"your-name\"><input size=\"40\" maxlength=\"400\" class=\"wpcf7-form-control wpcf7-text wpcf7-validates-as-required\" autocomplete=\"name\" aria-required=\"true\" aria-invalid=\"false\" value=\"\" type=\"text\" name=\"your-name\" \/><\/span> <\/label>\n<\/p>\n<p><label> Tw\u00f3j email<br \/>\n<span class=\"wpcf7-form-control-wrap\" data-name=\"your-email\"><input size=\"40\" maxlength=\"400\" class=\"wpcf7-form-control wpcf7-email wpcf7-validates-as-required wpcf7-text wpcf7-validates-as-email\" autocomplete=\"email\" aria-required=\"true\" aria-invalid=\"false\" value=\"\" type=\"email\" name=\"your-email\" \/><\/span> <\/label>\n<\/p>\n<p><input class=\"wpcf7-form-control wpcf7-submit has-spinner\" type=\"submit\" value=\"Zapytaj o szczeg\u00f3\u0142y\" \/>\n<\/p><div class=\"wpcf7-response-output\" aria-hidden=\"true\"><\/div>\n<input type=\"hidden\" name=\"trp-form-language\" value=\"pl\"\/><\/form>\n<\/div>\n<\/div>\t\t\t\t<\/div>\n\t\t\t\t\t<\/div>\n\t\t\t\t<\/div>\n\t\t\t\t\t<\/div>\n\t\t\t\t<\/div>\n\t\t\t\t<\/div>","protected":false},"excerpt":{"rendered":"<p>Personal Technology Consulting for Managers 60 minutes In an era of dynamic IT development, the right technological decisions determine your company&#8217;s competitiveness. However, for many managers and business leaders, the complexity of the IT world can be a barrier, hindering the effective implementation of solutions. Do you find it difficult to understand complex technological jargon? [&hellip;]<\/p>\n","protected":false},"author":1,"featured_media":0,"parent":0,"menu_order":0,"comment_status":"closed","ping_status":"closed","template":"elementor_header_footer","meta":{"footnotes":""},"class_list":["post-194","page","type-page","status-publish","hentry"],"_links":{"self":[{"href":"https:\/\/bitsof.it\/pl\/wp-json\/wp\/v2\/pages\/194","targetHints":{"allow":["GET"]}}],"collection":[{"href":"https:\/\/bitsof.it\/pl\/wp-json\/wp\/v2\/pages"}],"about":[{"href":"https:\/\/bitsof.it\/pl\/wp-json\/wp\/v2\/types\/page"}],"author":[{"embeddable":true,"href":"https:\/\/bitsof.it\/pl\/wp-json\/wp\/v2\/users\/1"}],"replies":[{"embeddable":true,"href":"https:\/\/bitsof.it\/pl\/wp-json\/wp\/v2\/comments?post=194"}],"version-history":[{"count":40,"href":"https:\/\/bitsof.it\/pl\/wp-json\/wp\/v2\/pages\/194\/revisions"}],"predecessor-version":[{"id":885,"href":"https:\/\/bitsof.it\/pl\/wp-json\/wp\/v2\/pages\/194\/revisions\/885"}],"wp:attachment":[{"href":"https:\/\/bitsof.it\/pl\/wp-json\/wp\/v2\/media?parent=194"}],"curies":[{"name":"wp","href":"https:\/\/api.w.org\/{rel}","templated":true}]}}