{"id":10,"date":"2025-05-22T12:58:43","date_gmt":"2025-05-22T10:58:43","guid":{"rendered":"http:\/\/bitsof.it\/?page_id=10"},"modified":"2026-04-08T09:22:57","modified_gmt":"2026-04-08T07:22:57","slug":"book","status":"publish","type":"page","link":"https:\/\/bitsof.it\/pl\/book\/","title":{"rendered":"Ksi\u0105\u017cka"},"content":{"rendered":"<div data-elementor-type=\"wp-page\" data-elementor-id=\"10\" class=\"elementor elementor-10\">\n\t\t\t\t<div class=\"elementor-element elementor-element-5345808 e-flex e-con-boxed elementor-invisible e-con e-parent\" data-id=\"5345808\" data-element_type=\"container\" data-e-type=\"container\" data-settings=\"{&quot;animation&quot;:&quot;fadeIn&quot;}\">\n\t\t\t\t\t<div class=\"e-con-inner\">\n\t\t\t\t<div class=\"elementor-element elementor-element-5895aba elementor-invisible elementor-widget elementor-widget-heading\" data-id=\"5895aba\" data-element_type=\"widget\" data-e-type=\"widget\" data-settings=\"{&quot;_animation&quot;:&quot;fadeIn&quot;}\" data-widget_type=\"heading.default\">\n\t\t\t\t\t<h1 class=\"elementor-heading-title elementor-size-default\">BITS OF IT : <\/h1>\t\t\t\t<\/div>\n\t\t\t\t<div class=\"elementor-element elementor-element-83b2c2f elementor-invisible elementor-widget elementor-widget-heading\" data-id=\"83b2c2f\" data-element_type=\"widget\" data-e-type=\"widget\" data-settings=\"{&quot;_animation&quot;:&quot;fadeIn&quot;}\" data-widget_type=\"heading.default\">\n\t\t\t\t\t<h3 class=\"elementor-heading-title elementor-size-default\">Your Commonsense Guide to The World of Computers\nand Software Development<\/h3>\t\t\t\t<\/div>\n\t\t\t\t\t<\/div>\n\t\t\t\t<\/div>\n\t\t<div class=\"elementor-element elementor-element-261137d e-flex e-con-boxed e-con e-parent\" data-id=\"261137d\" data-element_type=\"container\" data-e-type=\"container\">\n\t\t\t\t\t<div class=\"e-con-inner\">\n\t\t\t\t<div class=\"elementor-element elementor-element-ce02498 animated-slow elementor-invisible elementor-widget elementor-widget-image\" data-id=\"ce02498\" data-element_type=\"widget\" data-e-type=\"widget\" data-settings=\"{&quot;_animation&quot;:&quot;fadeIn&quot;,&quot;_animation_delay&quot;:300}\" data-widget_type=\"image.default\">\n\t\t\t\t\t\t\t\t\t\t\t\t\t\t\t<img fetchpriority=\"high\" decoding=\"async\" width=\"768\" height=\"542\" src=\"https:\/\/bitsof.it\/wp-content\/uploads\/2025\/05\/kindleAndPaperback-768x542.jpg\" class=\"attachment-medium_large size-medium_large wp-image-11\" alt=\"\" srcset=\"https:\/\/bitsof.it\/wp-content\/uploads\/2025\/05\/kindleAndPaperback-768x542.jpg 768w, https:\/\/bitsof.it\/wp-content\/uploads\/2025\/05\/kindleAndPaperback-300x212.jpg 300w, https:\/\/bitsof.it\/wp-content\/uploads\/2025\/05\/kindleAndPaperback-1024x723.jpg 1024w, https:\/\/bitsof.it\/wp-content\/uploads\/2025\/05\/kindleAndPaperback.jpg 1231w\" sizes=\"(max-width: 768px) 100vw, 768px\" \/>\t\t\t\t\t\t\t\t\t\t\t\t\t\t\t<\/div>\n\t\t\t\t\t<\/div>\n\t\t\t\t<\/div>\n\t\t<div class=\"elementor-element elementor-element-aef76a5 e-flex e-con-boxed elementor-invisible e-con e-parent\" data-id=\"aef76a5\" data-element_type=\"container\" data-e-type=\"container\" data-settings=\"{&quot;animation&quot;:&quot;fadeIn&quot;,&quot;animation_delay&quot;:500}\">\n\t\t\t\t\t<div class=\"e-con-inner\">\n\t\t\t\t<div class=\"elementor-element elementor-element-af6fad5 elementor-widget elementor-widget-testimonial\" data-id=\"af6fad5\" data-element_type=\"widget\" data-e-type=\"widget\" data-widget_type=\"testimonial.default\">\n\t\t\t\t\t\t\t<div class=\"elementor-testimonial-wrapper\">\n\t\t\t\t\t\t\t<div class=\"elementor-testimonial-content\">Ksi\u0105\u017cka ta opisuje IT (technologie informacyjne) dla os\u00f3b bez wykszta\u0142cenia technicznego, kt\u00f3re jednak chcia\u0142yby zapozna\u0107 si\u0119 z podstawowymi poj\u0119ciami dotycz\u0105cymi komputer\u00f3w i oprogramowania.<\/div>\n\t\t\t\n\t\t\t\t\t\t<div class=\"elementor-testimonial-meta elementor-has-image elementor-testimonial-image-position-aside\">\n\t\t\t\t<div class=\"elementor-testimonial-meta-inner\">\n\t\t\t\t\t\t\t\t\t\t\t<div class=\"elementor-testimonial-image\">\n\t\t\t\t\t\t\t<img decoding=\"async\" width=\"150\" height=\"150\" src=\"https:\/\/bitsof.it\/wp-content\/uploads\/2025\/05\/20210603105527_IMG_0667_edited-150x150.webp\" class=\"attachment-thumbnail size-thumbnail wp-image-50\" alt=\"\" srcset=\"https:\/\/bitsof.it\/wp-content\/uploads\/2025\/05\/20210603105527_IMG_0667_edited-150x150.webp 150w, https:\/\/bitsof.it\/wp-content\/uploads\/2025\/05\/20210603105527_IMG_0667_edited-300x300.webp 300w, https:\/\/bitsof.it\/wp-content\/uploads\/2025\/05\/20210603105527_IMG_0667_edited-1024x1024.webp 1024w, https:\/\/bitsof.it\/wp-content\/uploads\/2025\/05\/20210603105527_IMG_0667_edited-768x768.webp 768w, https:\/\/bitsof.it\/wp-content\/uploads\/2025\/05\/20210603105527_IMG_0667_edited-1536x1536.webp 1536w, https:\/\/bitsof.it\/wp-content\/uploads\/2025\/05\/20210603105527_IMG_0667_edited-scaled.webp 1920w\" sizes=\"(max-width: 150px) 100vw, 150px\" \/>\t\t\t\t\t\t<\/div>\n\t\t\t\t\t\n\t\t\t\t\t\t\t\t\t\t<div class=\"elementor-testimonial-details\">\n\t\t\t\t\t\t\t\t\t\t\t\t\t\t<div class=\"elementor-testimonial-name\">Jan Wysocki<\/div>\n\t\t\t\t\t\t\t\t\t\t\t\t\t\t\t\t\t\t\t\t\t\t<div class=\"elementor-testimonial-job\">Autor<\/div>\n\t\t\t\t\t\t\t\t\t\t\t\t\t<\/div>\n\t\t\t\t\t\t\t\t\t<\/div>\n\t\t\t<\/div>\n\t\t\t\t\t<\/div>\n\t\t\t\t\t\t<\/div>\n\t\t\t\t\t<\/div>\n\t\t\t\t<\/div>\n\t\t<div class=\"elementor-element elementor-element-fbbb8ca e-flex e-con-boxed elementor-invisible e-con e-parent\" data-id=\"fbbb8ca\" data-element_type=\"container\" data-e-type=\"container\" data-settings=\"{&quot;animation&quot;:&quot;fadeIn&quot;}\">\n\t\t\t\t\t<div class=\"e-con-inner\">\n\t\t\t\t<div class=\"elementor-element elementor-element-9514a10 elementor-widget elementor-widget-text-editor\" data-id=\"9514a10\" data-element_type=\"widget\" data-e-type=\"widget\" data-widget_type=\"text-editor.default\">\n\t\t\t\t\t\t\t\t\t<h3>Z TEJ KSI\u0104\u017bKI DOWIESZ SI\u0118<\/h3>\n<ul>\n<li>\n<h4><strong>Jak piec domowy chleb i co to ma wsp\u00f3lnego z programowaniem<\/strong><\/h4>\n<\/li>\n<li>\n<h4><strong>Jak prowadzenie piekarni jest podobne do prowadzenia dzia\u0142u IT<\/strong><\/h4>\n<\/li>\n<li>\n<h4><strong>Jak znale\u017a\u0107 jednoro\u017cce<\/strong><\/h4>\n<\/li>\n<li>\n<h4><strong>Jak zachowa\u0107 szczup\u0142\u0105 sylwetk\u0119 bez stosowania diety<\/strong><\/h4>\n<\/li>\n<li>\n<h4><strong>Jak chmury zmieniaj\u0105 \u015bwiat (nie te chmury, te inne)<\/strong><\/h4>\n<\/li>\n<\/ul>\n<h4>\u2026 oraz poznasz wiele innych osobliwych, ale czasami bezu\u017cytecznych fakt\u00f3w ze \u015bwiata IT, kt\u00f3re nadal mo\u017cesz wykorzysta\u0107 by ol\u015bni\u0107 swoj\u0105 rodzin\u0119 i znajomych<\/h4>\t\t\t\t\t\t\t\t<\/div>\n\t\t\t\t\t<\/div>\n\t\t\t\t<\/div>\n\t\t<div class=\"elementor-element elementor-element-3798b9c e-flex e-con-boxed elementor-invisible e-con e-parent\" data-id=\"3798b9c\" data-element_type=\"container\" data-e-type=\"container\" data-settings=\"{&quot;animation&quot;:&quot;rubberBand&quot;}\">\n\t\t\t\t\t<div class=\"e-con-inner\">\n\t\t\t\t<div class=\"elementor-element elementor-element-cbf9de1 elementor-align-center elementor-widget elementor-widget-button\" data-id=\"cbf9de1\" data-element_type=\"widget\" data-e-type=\"widget\" data-widget_type=\"button.default\">\n\t\t\t\t\t\t\t\t\t\t<a class=\"elementor-button elementor-button-link elementor-size-sm\" href=\"https:\/\/read.amazon.com\/sample\/B0BVD3NJMJ?clientId=share\">\n\t\t\t\t\t\t<span class=\"elementor-button-content-wrapper\">\n\t\t\t\t\t\t<span class=\"elementor-button-icon\">\n\t\t\t\t<svg aria-hidden=\"true\" class=\"e-font-icon-svg e-fab-amazon\" viewbox=\"0 0 448 512\" xmlns=\"http:\/\/www.w3.org\/2000\/svg\"><path d=\"M257.2 162.7c-48.7 1.8-169.5 15.5-169.5 117.5 0 109.5 138.3 114 183.5 43.2 6.5 10.2 35.4 37.5 45.3 46.8l56.8-56S341 288.9 341 261.4V114.3C341 89 316.5 32 228.7 32 140.7 32 94 87 94 136.3l73.5 6.8c16.3-49.5 54.2-49.5 54.2-49.5 40.7-.1 35.5 29.8 35.5 69.1zm0 86.8c0 80-84.2 68-84.2 17.2 0-47.2 50.5-56.7 84.2-57.8v40.6zm136 163.5c-7.7 10-70 67-174.5 67S34.2 408.5 9.7 379c-6.8-7.7 1-11.3 5.5-8.3C88.5 415.2 203 488.5 387.7 401c7.5-3.7 13.3 2 5.5 12zm39.8 2.2c-6.5 15.8-16 26.8-21.2 31-5.5 4.5-9.5 2.7-6.5-3.8s19.3-46.5 12.7-55c-6.5-8.3-37-4.3-48-3.2-10.8 1-13 2-14-.3-2.3-5.7 21.7-15.5 37.5-17.5 15.7-1.8 41-.8 46 5.7 3.7 5.1 0 27.1-6.5 43.1z\"><\/path><\/svg>\t\t\t<\/span>\n\t\t\t\t\t\t\t\t\t<span class=\"elementor-button-text\">Zobacz spis tre\u015bci i przyk\u0142adowe rozdzia\u0142y<\/span>\n\t\t\t\t\t<\/span>\n\t\t\t\t\t<\/a>\n\t\t\t\t\t\t\t\t<\/div>\n\t\t\t\t\t<\/div>\n\t\t\t\t<\/div>\n\t\t<div class=\"elementor-element elementor-element-d5d9a8f e-flex e-con-boxed elementor-invisible e-con e-parent\" data-id=\"d5d9a8f\" data-element_type=\"container\" data-e-type=\"container\" data-settings=\"{&quot;animation&quot;:&quot;fadeIn&quot;}\">\n\t\t\t\t\t<div class=\"e-con-inner\">\n\t\t\t\t<div class=\"elementor-element elementor-element-889da7f elementor-invisible elementor-widget elementor-widget-video\" data-id=\"889da7f\" data-element_type=\"widget\" data-e-type=\"widget\" data-settings=\"{&quot;youtube_url&quot;:&quot;https:\\\/\\\/www.youtube.com\\\/watch?v=dKbHYw9faZk&quot;,&quot;autoplay&quot;:&quot;yes&quot;,&quot;mute&quot;:&quot;yes&quot;,&quot;_animation&quot;:&quot;fadeIn&quot;,&quot;video_type&quot;:&quot;youtube&quot;,&quot;controls&quot;:&quot;yes&quot;}\" data-widget_type=\"video.default\">\n\t\t\t\t\t\t\t<div class=\"elementor-wrapper elementor-open-inline\">\n\t\t\t<div class=\"elementor-video\"><\/div>\t\t<\/div>\n\t\t\t\t\t\t<\/div>\n\t\t\t\t\t<\/div>\n\t\t\t\t<\/div>\n\t\t<div class=\"elementor-element elementor-element-691385c e-flex e-con-boxed elementor-invisible e-con e-parent\" data-id=\"691385c\" data-element_type=\"container\" data-e-type=\"container\" data-settings=\"{&quot;animation&quot;:&quot;rubberBand&quot;}\">\n\t\t\t\t\t<div class=\"e-con-inner\">\n\t\t<div class=\"elementor-element elementor-element-086a239 e-con-full e-flex e-con e-child\" data-id=\"086a239\" data-element_type=\"container\" data-e-type=\"container\">\n\t\t\t\t<div class=\"elementor-element elementor-element-87fe67a elementor-widget elementor-widget-heading\" data-id=\"87fe67a\" data-element_type=\"widget\" data-e-type=\"widget\" data-widget_type=\"heading.default\">\n\t\t\t\t\t<h2 class=\"elementor-heading-title elementor-size-default\">Ksi\u0105\u017cka dost\u0119pna na wybranych pa\u0144stwach przez Amazon<\/h2>\t\t\t\t<\/div>\n\t\t\t\t<\/div>\n\t\t<div class=\"elementor-element elementor-element-3c25890 e-con-full e-flex e-con e-child\" data-id=\"3c25890\" data-element_type=\"container\" data-e-type=\"container\">\n\t\t\t\t<div class=\"elementor-element elementor-element-6134162 elementor-widget elementor-widget-text-editor\" data-id=\"6134162\" data-element_type=\"widget\" data-e-type=\"widget\" data-widget_type=\"text-editor.default\">\n\t\t\t\t\t\t\t\t\t<!-- US -->\n<a href=\"https:\/\/www.amazon.com\/dp\/B0BVD3NJMJ\"> <img decoding=\"async\" width=\"47\" height=\"47\" class=\"wp-image-29\" style=\"width: 47px;\" src=\"http:\/\/bitsof.it\/wp-content\/uploads\/2025\/05\/US.gif\" alt=\"\" \/><\/a>\n<!-- PL -->\n<a href=\"https:\/\/www.amazon.pl\/dp\/B0BVD3NJMJ\"> <img decoding=\"async\" class=\"wp-image-29\" style=\"width: 47px;\" src=\"http:\/\/bitsof.it\/wp-content\/uploads\/2025\/05\/PL.gif\" alt=\"\" \/><\/a> \n<!-- SE -->\n <a href=\"https:\/\/www.amazon.se\/dp\/B0BVD3NJMJ\"> <img decoding=\"async\" class=\"wp-image-29\" style=\"width: 47px;\" src=\"http:\/\/bitsof.it\/wp-content\/uploads\/2025\/05\/SE.gif\" alt=\"\" \/><\/a> \n<!-- JP -->\n <a href=\"https:\/\/www.amazon.jp\/dp\/B0BVD3NJMJ\"> <img decoding=\"async\" class=\"wp-image-29\" style=\"width: 47px;\" src=\"http:\/\/bitsof.it\/wp-content\/uploads\/2025\/05\/jp.gif\" alt=\"\" \/><\/a> \n<!-- FR -->\n <a href=\"https:\/\/www.amazon.fr\/dp\/B0BVD3NJMJ\"> <img decoding=\"async\" class=\"wp-image-29\" style=\"width: 47px;\" src=\"http:\/\/bitsof.it\/wp-content\/uploads\/2025\/05\/FR.gif\" alt=\"\" \/><\/a> \n<!-- IN -->\n <a href=\"https:\/\/www.amazon.in\/dp\/B0BVD3NJMJ\"> <img decoding=\"async\" class=\"wp-image-29\" style=\"width: 47px;\" src=\"http:\/\/bitsof.it\/wp-content\/uploads\/2025\/05\/IN.gif\" alt=\"\" \/><\/a> \n<!-- au -->\n <a href=\"https:\/\/www.amazon.au\/dp\/B0BVD3NJMJ\"> <img decoding=\"async\" class=\"wp-image-29\" style=\"width: 47px;\" src=\"http:\/\/bitsof.it\/wp-content\/uploads\/2025\/05\/AU.jpg\" alt=\"\" \/><\/a> \n<!-- UK -->\n <a href=\"https:\/\/www.amazon.com.uk\/dp\/B0BVD3NJMJ\"> <img decoding=\"async\" class=\"wp-image-29\" style=\"width: 47px;\" src=\"http:\/\/bitsof.it\/wp-content\/uploads\/2025\/05\/UK.gif\" alt=\"\" \/><\/a> \n<!--DE -->\n <a href=\"https:\/\/www.amazon.de\/dp\/B0BVD3NJMJ\"> <img decoding=\"async\" class=\"wp-image-29\" style=\"width: 47px;\" src=\"http:\/\/bitsof.it\/wp-content\/uploads\/2025\/05\/DE.gif\" alt=\"\" \/><\/a> \n<!--CA -->\n <a href=\"https:\/\/www.amazon.ca\/dp\/B0BVD3NJMJ\"> <img decoding=\"async\" class=\"wp-image-29\" style=\"width: 47px;\" src=\"http:\/\/bitsof.it\/wp-content\/uploads\/2025\/05\/CA.gif\" alt=\"\" \/><\/a> \n<!--IT -->\n <a href=\"https:\/\/www.amazon.it\/dp\/B0BVD3NJMJ\"> <img decoding=\"async\" class=\"wp-image-29\" style=\"width: 47px;\" src=\"http:\/\/bitsof.it\/wp-content\/uploads\/2025\/05\/IT.gif\" alt=\"\" \/><\/a> \n<!--NL -->\n <a href=\"https:\/\/www.amazon.nl\/dp\/B0BVD3NJMJ\"> <img decoding=\"async\" class=\"wp-image-29\" style=\"width: 47px;\" src=\"http:\/\/bitsof.it\/wp-content\/uploads\/2025\/05\/NL.gif\" alt=\"\" \/><\/a> \n<!--ES -->\n <a href=\"https:\/\/www.amazon.es\/dp\/B0BVD3NJMJ\"> <img decoding=\"async\" class=\"wp-image-29\" style=\"width: 47px;\" src=\"http:\/\/bitsof.it\/wp-content\/uploads\/2025\/05\/ES.gif\" alt=\"\" \/><\/a> \n<!--MX -->\n <a href=\"https:\/\/www.amazon.mx\/dp\/B0BVD3NJMJ\"> <img decoding=\"async\" class=\"wp-image-29\" style=\"width: 47px;\" src=\"http:\/\/bitsof.it\/wp-content\/uploads\/2025\/05\/MX.jpg\" alt=\"\" \/><\/a> \n<!-- \/wp:html -->\t\t\t\t\t\t\t\t<\/div>\n\t\t\t\t<\/div>\n\t\t\t\t\t<\/div>\n\t\t\t\t<\/div>\n\t\t\t\t<\/div>","protected":false},"excerpt":{"rendered":"<p>BITS OF IT : Your Commonsense Guide to The World of Computers and Software Development &#8220;This book describes IT (Infomation Technology) for people without technical background who still would like to get familiar with the common concepts around computers and software. It uses non-IT examples from daily life to explain those concept is easy and [&hellip;]<\/p>\n","protected":false},"author":1,"featured_media":0,"parent":0,"menu_order":0,"comment_status":"closed","ping_status":"closed","template":"elementor_header_footer","meta":{"footnotes":""},"class_list":["post-10","page","type-page","status-publish","hentry"],"_links":{"self":[{"href":"https:\/\/bitsof.it\/pl\/wp-json\/wp\/v2\/pages\/10","targetHints":{"allow":["GET"]}}],"collection":[{"href":"https:\/\/bitsof.it\/pl\/wp-json\/wp\/v2\/pages"}],"about":[{"href":"https:\/\/bitsof.it\/pl\/wp-json\/wp\/v2\/types\/page"}],"author":[{"embeddable":true,"href":"https:\/\/bitsof.it\/pl\/wp-json\/wp\/v2\/users\/1"}],"replies":[{"embeddable":true,"href":"https:\/\/bitsof.it\/pl\/wp-json\/wp\/v2\/comments?post=10"}],"version-history":[{"count":92,"href":"https:\/\/bitsof.it\/pl\/wp-json\/wp\/v2\/pages\/10\/revisions"}],"predecessor-version":[{"id":946,"href":"https:\/\/bitsof.it\/pl\/wp-json\/wp\/v2\/pages\/10\/revisions\/946"}],"wp:attachment":[{"href":"https:\/\/bitsof.it\/pl\/wp-json\/wp\/v2\/media?parent=10"}],"curies":[{"name":"wp","href":"https:\/\/api.w.org\/{rel}","templated":true}]}}